{"id":29455,"date":"2025-04-25T12:56:42","date_gmt":"2025-04-25T12:56:42","guid":{"rendered":"https:\/\/staging.shopistanbul.online\/product\/tampon-urunu\/"},"modified":"2025-04-25T12:56:42","modified_gmt":"2025-04-25T12:56:42","slug":"tampon-urunu","status":"publish","type":"product","link":"https:\/\/staging.shopistanbul.online\/tr\/urun\/tampon-urunu\/","title":{"rendered":"Tampon \u00dcr\u00fcn\u00fc"},"content":{"rendered":"","protected":false},"excerpt":{"rendered":"","protected":false},"featured_media":0,"comment_status":"open","ping_status":"closed","template":"","meta":[],"product_brand":[896,898,900,902,904,906,908,910,912,914,916,918],"product_cat":[926,928,943,949,942,936,952,932,948,953,966,938,946,956,924,962,940,972,959,965,964,934,967,957,930,970,968,971,969],"product_tag":[],"class_list":{"0":"post-29455","1":"product","2":"type-product","3":"status-publish","5":"product_brand-apple-tr","6":"product_brand-benq-tr","7":"product_brand-bose-tr","8":"product_brand-dell-tr","9":"product_brand-gigabyte-tr","10":"product_brand-hp-tr","11":"product_brand-kodak-tr","12":"product_brand-lg-tr","13":"product_brand-philips-tr","14":"product_brand-samsung-tr","15":"product_brand-transcend-tr","16":"product_brand-viewsonic-tr","17":"product_cat-alet-leri","18":"product_cat-bakim-ve-temizlik","19":"product_cat-bebek-cocuk","20":"product_cat-bilgisayar","21":"product_cat-blenderler","22":"product_cat-buzdolabi","23":"product_cat-dizustu","24":"product_cat-elektrikli-supurgeler","25":"product_cat-elektronik","26":"product_cat-elma-macbook-fabrikasi","27":"product_cat-ev-bahce","28":"product_cat-firin","29":"product_cat-guzellik-ve-bakim","30":"product_cat-is-dizustu-bilgisayari","31":"product_cat-kategorilenmemis","32":"product_cat-konsol","33":"product_cat-kucuk-mutfak-aletleri","34":"product_cat-olcek","35":"product_cat-oyun","36":"product_cat-oyun-cevre-birimleri","37":"product_cat-oyunlar","38":"product_cat-sogutma","39":"product_cat-tekstil","40":"product_cat-ultrabook-ultrabook","41":"product_cat-utuler","42":"product_cat---tr","45":"product_cat-----tr","47":"first","48":"instock","49":"shipping-taxable","50":"purchasable","51":"product-type-simple"},"_links":{"self":[{"href":"https:\/\/staging.shopistanbul.online\/tr\/wp-json\/wp\/v2\/product\/29455","targetHints":{"allow":["GET"]}}],"collection":[{"href":"https:\/\/staging.shopistanbul.online\/tr\/wp-json\/wp\/v2\/product"}],"about":[{"href":"https:\/\/staging.shopistanbul.online\/tr\/wp-json\/wp\/v2\/types\/product"}],"replies":[{"embeddable":true,"href":"https:\/\/staging.shopistanbul.online\/tr\/wp-json\/wp\/v2\/comments?post=29455"}],"version-history":[{"count":0,"href":"https:\/\/staging.shopistanbul.online\/tr\/wp-json\/wp\/v2\/product\/29455\/revisions"}],"wp:attachment":[{"href":"https:\/\/staging.shopistanbul.online\/tr\/wp-json\/wp\/v2\/media?parent=29455"}],"wp:term":[{"taxonomy":"product_brand","embeddable":true,"href":"https:\/\/staging.shopistanbul.online\/tr\/wp-json\/wp\/v2\/product_brand?post=29455"},{"taxonomy":"product_cat","embeddable":true,"href":"https:\/\/staging.shopistanbul.online\/tr\/wp-json\/wp\/v2\/product_cat?post=29455"},{"taxonomy":"product_tag","embeddable":true,"href":"https:\/\/staging.shopistanbul.online\/tr\/wp-json\/wp\/v2\/product_tag?post=29455"}],"curies":[{"name":"wp","href":"https:\/\/api.w.org\/{rel}","templated":true}]}}