{"id":29365,"date":"2025-01-14T14:40:18","date_gmt":"2025-01-14T14:40:18","guid":{"rendered":"https:\/\/staging.shopistanbul.online\/product\/tefal-mukemmel-karisim\/"},"modified":"2025-04-24T23:07:35","modified_gmt":"2025-04-24T23:07:35","slug":"tefal-mukemmel-karisim","status":"publish","type":"product","link":"https:\/\/staging.shopistanbul.online\/tr\/urun\/tefal-mukemmel-karisim\/","title":{"rendered":"Tefal M\u00dcKEMMEL KARI\u015eIM"},"content":{"rendered":"\t\t<div data-elementor-type=\"wp-post\" data-elementor-id=\"29365\" class=\"elementor elementor-29365 elementor-142\" data-elementor-post-type=\"product\">\n\t\t\t\t<div class=\"wd-negative-gap elementor-element elementor-element-6d102b2 e-flex e-con-boxed e-con e-parent\" data-id=\"6d102b2\" data-element_type=\"container\">\n\t\t\t\t\t<div class=\"e-con-inner\">\n\t\t<div class=\"elementor-element elementor-element-f521259 e-con-full e-flex e-con e-child\" data-id=\"f521259\" data-element_type=\"container\">\n\t\t\t\t<div class=\"elementor-element elementor-element-f9e234c elementor-widget elementor-widget-wd_image_or_svg\" data-id=\"f9e234c\" data-element_type=\"widget\" data-widget_type=\"wd_image_or_svg.default\">\n\t\t\t\t<div class=\"elementor-widget-container\">\n\t\t\t\t\t\n\t\t<div class=\"wd-image text-center\">\n\t\t\t\t\t\t\t\t<img fetchpriority=\"high\" decoding=\"async\" width=\"780\" height=\"520\" src=\"https:\/\/staging.shopistanbul.online\/wp-content\/uploads\/2025\/01\/mcp-toshiba-wash-1-opt.jpg\" class=\"attachment-full size-full\" alt=\"\" srcset=\"https:\/\/staging.shopistanbul.online\/wp-content\/uploads\/2025\/01\/mcp-toshiba-wash-1-opt.jpg 780w, https:\/\/staging.shopistanbul.online\/wp-content\/uploads\/2025\/01\/mcp-toshiba-wash-1-opt-600x400.jpg 600w, https:\/\/staging.shopistanbul.online\/wp-content\/uploads\/2025\/01\/mcp-toshiba-wash-1-opt-150x100.jpg 150w\" sizes=\"(max-width: 780px) 100vw, 780px\" \/>\t\t\t\t\t<\/div>\n\n\t\t\t\t\t\t<\/div>\n\t\t\t\t<\/div>\n\t\t\t\t<div class=\"elementor-element elementor-element-64ba38d wd-width-100 elementor-widget elementor-widget-wd_title\" data-id=\"64ba38d\" data-element_type=\"widget\" data-widget_type=\"wd_title.default\">\n\t\t\t\t<div class=\"elementor-widget-container\">\n\t\t\t\t\t\t\t<div class=\"title-wrapper wd-set-mb reset-last-child wd-title-color-default wd-title-style-default wd-title-size-default text-center\">\n\n\t\t\t\n\t\t\t<div class=\"liner-continer\">\n\t\t\t\t<h4 class=\"woodmart-title-container title wd-fontsize-l\">Toshiba TW-BJ110W4<\/h4> \n\t\t\t\t\t\t\t<\/div>\n\n\t\t\t\t\t\t\t<div class=\"title-after_title reset-last-child wd-fontsize-xs\">\n\t\t\t\t\t<p>Hassas y\u0131kaman\u0131n \u00f6nemi vard\u0131r<\/p>\t\t\t\t<\/div>\n\t\t\t\t\t<\/div>\n\t\t\t\t\t\t<\/div>\n\t\t\t\t<\/div>\n\t\t\t\t<\/div>\n\t\t<div class=\"elementor-element elementor-element-492c35a e-con-full color-scheme-light e-flex e-con e-child\" data-id=\"492c35a\" data-element_type=\"container\" data-settings=\"{&quot;background_background&quot;:&quot;classic&quot;}\">\n\t\t<div class=\"elementor-element elementor-element-e610ad9 e-con-full e-flex e-con e-child\" data-id=\"e610ad9\" data-element_type=\"container\">\n\t\t\t\t<div class=\"elementor-element elementor-element-26f2fd1 elementor-widget__width-initial elementor-widget-mobile__width-inherit wd-width-100 elementor-widget elementor-widget-wd_title\" data-id=\"26f2fd1\" data-element_type=\"widget\" data-widget_type=\"wd_title.default\">\n\t\t\t\t<div class=\"elementor-widget-container\">\n\t\t\t\t\t\t\t<div class=\"title-wrapper wd-set-mb reset-last-child wd-title-color-default wd-title-style-default wd-title-size-default text-left\">\n\n\t\t\t\n\t\t\t<div class=\"liner-continer\">\n\t\t\t\t<h4 class=\"woodmart-title-container title wd-fontsize-l\">Alg\u0131lama slayd\u0131<\/h4> \n\t\t\t\t\t\t\t<\/div>\n\n\t\t\t\t\t\t\t<div class=\"title-after_title reset-last-child wd-fontsize-xs\">\n\t\t\t\t\t<p>B\u00fcy\u00fck Oxmox ona bunu yapmamas\u0131n\u0131 tavsiye etti, \u00e7\u00fcnk\u00fc binlerce k\u00f6t\u00fc Virg\u00fcl, vah\u015fi Soru \u0130\u015faretleri ve sinsi Semikoli vard\u0131, ama K\u00fc\u00e7\u00fck K\u00f6r Metin dinlemedi. Yedi versay\u0131n\u0131 paketledi, ba\u015f harfini kemere koydu ve kendini yola \u00e7\u0131kard\u0131. <\/p>\t\t\t\t<\/div>\n\t\t\t\t\t<\/div>\n\t\t\t\t\t\t<\/div>\n\t\t\t\t<\/div>\n\t\t\t\t<div class=\"elementor-element elementor-element-b79d94e elementor-widget__width-initial elementor-widget-mobile__width-inherit elementor-widget elementor-widget-wd_image_or_svg\" data-id=\"b79d94e\" data-element_type=\"widget\" data-widget_type=\"wd_image_or_svg.default\">\n\t\t\t\t<div class=\"elementor-widget-container\">\n\t\t\t\t\t\n\t\t<div class=\"wd-image text-left\">\n\t\t\t\t\t\t\t\t<img decoding=\"async\" width=\"600\" height=\"367\" src=\"https:\/\/staging.shopistanbul.online\/wp-content\/uploads\/2025\/01\/mcp-toshiba-wash-2-2.jpg\" class=\"attachment-full size-full\" alt=\"\" srcset=\"https:\/\/staging.shopistanbul.online\/wp-content\/uploads\/2025\/01\/mcp-toshiba-wash-2-2.jpg 600w, https:\/\/staging.shopistanbul.online\/wp-content\/uploads\/2025\/01\/mcp-toshiba-wash-2-2-150x92.jpg 150w\" sizes=\"(max-width: 600px) 100vw, 600px\" \/>\t\t\t\t\t<\/div>\n\n\t\t\t\t\t\t<\/div>\n\t\t\t\t<\/div>\n\t\t\t\t<\/div>\n\t\t<div class=\"elementor-element elementor-element-c23d9ca e-con-full e-flex e-con e-child\" data-id=\"c23d9ca\" data-element_type=\"container\">\n\t\t\t\t<div class=\"elementor-element elementor-element-1b91f2d elementor-widget__width-initial elementor-widget-mobile__width-inherit elementor-widget elementor-widget-wd_image_or_svg\" data-id=\"1b91f2d\" data-element_type=\"widget\" data-widget_type=\"wd_image_or_svg.default\">\n\t\t\t\t<div class=\"elementor-widget-container\">\n\t\t\t\t\t\n\t\t<div class=\"wd-image text-left\">\n\t\t\t\t\t\t\t\t<img decoding=\"async\" width=\"600\" height=\"367\" src=\"https:\/\/staging.shopistanbul.online\/wp-content\/uploads\/2025\/01\/mcp-toshiba-wash-3-2.jpg\" class=\"attachment-full size-full\" alt=\"\" srcset=\"https:\/\/staging.shopistanbul.online\/wp-content\/uploads\/2025\/01\/mcp-toshiba-wash-3-2.jpg 600w, https:\/\/staging.shopistanbul.online\/wp-content\/uploads\/2025\/01\/mcp-toshiba-wash-3-2-150x92.jpg 150w\" sizes=\"(max-width: 600px) 100vw, 600px\" \/>\t\t\t\t\t<\/div>\n\n\t\t\t\t\t\t<\/div>\n\t\t\t\t<\/div>\n\t\t\t\t<div class=\"elementor-element elementor-element-3f8eabc elementor-widget__width-initial elementor-widget-mobile__width-inherit wd-width-100 elementor-widget elementor-widget-wd_title\" data-id=\"3f8eabc\" data-element_type=\"widget\" data-widget_type=\"wd_title.default\">\n\t\t\t\t<div class=\"elementor-widget-container\">\n\t\t\t\t\t\t\t<div class=\"title-wrapper wd-set-mb reset-last-child wd-title-color-default wd-title-style-default wd-title-size-default text-left\">\n\n\t\t\t\n\t\t\t<div class=\"liner-continer\">\n\t\t\t\t<h4 class=\"woodmart-title-container title wd-fontsize-l\">Duyu dozu<\/h4> \n\t\t\t\t\t\t\t<\/div>\n\n\t\t\t\t\t\t\t<div class=\"title-after_title reset-last-child wd-fontsize-xs\">\n\t\t\t\t\t<p>B\u00fcy\u00fck Oxmox ona bunu yapmamas\u0131n\u0131 tavsiye etti, \u00e7\u00fcnk\u00fc binlerce k\u00f6t\u00fc Virg\u00fcl, vah\u015fi Soru \u0130\u015faretleri ve sinsi Semikoli vard\u0131, ama K\u00fc\u00e7\u00fck K\u00f6r Metin dinlemedi. Yedi versay\u0131n\u0131 paketledi, ba\u015f harfini kemere koydu ve kendini yola \u00e7\u0131kard\u0131. <\/p>\t\t\t\t<\/div>\n\t\t\t\t\t<\/div>\n\t\t\t\t\t\t<\/div>\n\t\t\t\t<\/div>\n\t\t\t\t<\/div>\n\t\t\t\t<\/div>\n\t\t<div class=\"elementor-element elementor-element-9591f36 e-con-full e-flex e-con e-child\" data-id=\"9591f36\" data-element_type=\"container\">\n\t\t<div class=\"elementor-element elementor-element-632d839 e-con-full e-flex e-con e-child\" data-id=\"632d839\" data-element_type=\"container\" data-settings=\"{&quot;background_background&quot;:&quot;classic&quot;}\">\n\t\t\t\t<div class=\"elementor-element elementor-element-d0cae04 elementor-widget elementor-widget-wd_image_or_svg\" data-id=\"d0cae04\" data-element_type=\"widget\" data-widget_type=\"wd_image_or_svg.default\">\n\t\t\t\t<div class=\"elementor-widget-container\">\n\t\t\t\t\t\n\t\t<div class=\"wd-image text-center\">\n\t\t\t\t\t\t\t\t<img loading=\"lazy\" decoding=\"async\"  src=\"https:\/\/staging.shopistanbul.online\/wp-content\/uploads\/2025\/01\/toshiba-wash-icon-1.svg\" title=\"toshiba-wash-icon-1\" loading=\"lazy\" width=\"66\" height=\"64\">\t\t\t\t\t<\/div>\n\n\t\t\t\t\t\t<\/div>\n\t\t\t\t<\/div>\n\t\t\t\t<div class=\"elementor-element elementor-element-6917c5b wd-width-100 elementor-widget elementor-widget-wd_title\" data-id=\"6917c5b\" data-element_type=\"widget\" data-widget_type=\"wd_title.default\">\n\t\t\t\t<div class=\"elementor-widget-container\">\n\t\t\t\t\t\t\t<div class=\"title-wrapper wd-set-mb reset-last-child wd-title-color-default wd-title-style-default wd-title-size-default text-center\">\n\n\t\t\t\n\t\t\t<div class=\"liner-continer\">\n\t\t\t\t<h4 class=\"woodmart-title-container title wd-fontsize-l\">TFT Ekran<\/h4> \n\t\t\t\t\t\t\t<\/div>\n\n\t\t\t\t\t\t\t<div class=\"title-after_title reset-last-child wd-fontsize-xs\">\n\t\t\t\t\t<p>Y\u0131kama parametrelerini y\u00f6netme s\u00fcrecini \u00f6nemli \u00f6l\u00e7\u00fcde basitle\u015ftirir.<\/p>\t\t\t\t<\/div>\n\t\t\t\t\t<\/div>\n\t\t\t\t\t\t<\/div>\n\t\t\t\t<\/div>\n\t\t\t\t<\/div>\n\t\t<div class=\"elementor-element elementor-element-f11cd69 e-con-full e-flex e-con e-child\" data-id=\"f11cd69\" data-element_type=\"container\" data-settings=\"{&quot;background_background&quot;:&quot;classic&quot;}\">\n\t\t\t\t<div class=\"elementor-element elementor-element-d6cd529 elementor-widget elementor-widget-wd_image_or_svg\" data-id=\"d6cd529\" data-element_type=\"widget\" data-widget_type=\"wd_image_or_svg.default\">\n\t\t\t\t<div class=\"elementor-widget-container\">\n\t\t\t\t\t\n\t\t<div class=\"wd-image text-center\">\n\t\t\t\t\t\t\t\t<img loading=\"lazy\" decoding=\"async\"  src=\"https:\/\/staging.shopistanbul.online\/wp-content\/uploads\/2025\/01\/toshiba-wash-icon-2.svg\" title=\"toshiba-wash-icon-2\" loading=\"lazy\" width=\"65\" height=\"64\">\t\t\t\t\t<\/div>\n\n\t\t\t\t\t\t<\/div>\n\t\t\t\t<\/div>\n\t\t\t\t<div class=\"elementor-element elementor-element-c675abc wd-width-100 elementor-widget elementor-widget-wd_title\" data-id=\"c675abc\" data-element_type=\"widget\" data-widget_type=\"wd_title.default\">\n\t\t\t\t<div class=\"elementor-widget-container\">\n\t\t\t\t\t\t\t<div class=\"title-wrapper wd-set-mb reset-last-child wd-title-color-default wd-title-style-default wd-title-size-default text-center\">\n\n\t\t\t\n\t\t\t<div class=\"liner-continer\">\n\t\t\t\t<h4 class=\"woodmart-title-container title wd-fontsize-l\">K\u0131sa program<\/h4> \n\t\t\t\t\t\t\t<\/div>\n\n\t\t\t\t\t\t\t<div class=\"title-after_title reset-last-child wd-fontsize-xs\">\n\t\t\t\t\t<p>H\u0131zl\u0131 Y\u0131kama program\u0131 giysilerinizi sadece 10 dakika i\u00e7inde tazeleyecektir.<\/p>\t\t\t\t<\/div>\n\t\t\t\t\t<\/div>\n\t\t\t\t\t\t<\/div>\n\t\t\t\t<\/div>\n\t\t\t\t<\/div>\n\t\t<div class=\"elementor-element elementor-element-9832791 e-con-full e-flex e-con e-child\" data-id=\"9832791\" data-element_type=\"container\" data-settings=\"{&quot;background_background&quot;:&quot;classic&quot;}\">\n\t\t\t\t<div class=\"elementor-element elementor-element-c967332 elementor-widget elementor-widget-wd_image_or_svg\" data-id=\"c967332\" data-element_type=\"widget\" data-widget_type=\"wd_image_or_svg.default\">\n\t\t\t\t<div class=\"elementor-widget-container\">\n\t\t\t\t\t\n\t\t<div class=\"wd-image text-center\">\n\t\t\t\t\t\t\t\t<img loading=\"lazy\" decoding=\"async\"  src=\"https:\/\/staging.shopistanbul.online\/wp-content\/uploads\/2025\/01\/toshiba-wash-icon-3-1.svg\" title=\"toshiba-wash-icon-3\" loading=\"lazy\" width=\"66\" height=\"64\">\t\t\t\t\t<\/div>\n\n\t\t\t\t\t\t<\/div>\n\t\t\t\t<\/div>\n\t\t\t\t<div class=\"elementor-element elementor-element-aa002bf wd-width-100 elementor-widget elementor-widget-wd_title\" data-id=\"aa002bf\" data-element_type=\"widget\" data-widget_type=\"wd_title.default\">\n\t\t\t\t<div class=\"elementor-widget-container\">\n\t\t\t\t\t\t\t<div class=\"title-wrapper wd-set-mb reset-last-child wd-title-color-default wd-title-style-default wd-title-size-default text-center\">\n\n\t\t\t\n\t\t\t<div class=\"liner-continer\">\n\t\t\t\t<h4 class=\"woodmart-title-container title wd-fontsize-l\">LED Ayd\u0131nlatma<\/h4> \n\t\t\t\t\t\t\t<\/div>\n\n\t\t\t\t\t\t\t<div class=\"title-after_title reset-last-child wd-fontsize-xs\">\n\t\t\t\t\t<p>Tamburun yumu\u015fak LED ayd\u0131nlatmas\u0131, hassas bir \u015fekilde kontrol etmenizi sa\u011flar.<\/p>\t\t\t\t<\/div>\n\t\t\t\t\t<\/div>\n\t\t\t\t\t\t<\/div>\n\t\t\t\t<\/div>\n\t\t\t\t<\/div>\n\t\t\t\t<\/div>\n\t\t<div class=\"elementor-element elementor-element-977afbe e-con-full e-flex e-con e-child\" data-id=\"977afbe\" data-element_type=\"container\">\n\t\t\t\t<div class=\"elementor-element elementor-element-f99d2b8 elementor-widget elementor-widget-wd_image_or_svg\" data-id=\"f99d2b8\" data-element_type=\"widget\" data-widget_type=\"wd_image_or_svg.default\">\n\t\t\t\t<div class=\"elementor-widget-container\">\n\t\t\t\t\t\n\t\t<div class=\"wd-image text-center\">\n\t\t\t\t\t\t\t\t<img loading=\"lazy\" decoding=\"async\" width=\"1200\" height=\"677\" src=\"https:\/\/staging.shopistanbul.online\/wp-content\/uploads\/2025\/01\/mcp-toshiba-wash-4-1.jpg\" class=\"attachment-full size-full\" alt=\"\" srcset=\"https:\/\/staging.shopistanbul.online\/wp-content\/uploads\/2025\/01\/mcp-toshiba-wash-4-1.jpg 1200w, https:\/\/staging.shopistanbul.online\/wp-content\/uploads\/2025\/01\/mcp-toshiba-wash-4-1-600x339.jpg 600w, https:\/\/staging.shopistanbul.online\/wp-content\/uploads\/2025\/01\/mcp-toshiba-wash-4-1-150x85.jpg 150w\" sizes=\"(max-width: 1200px) 100vw, 1200px\" \/>\t\t\t\t\t<\/div>\n\n\t\t\t\t\t\t<\/div>\n\t\t\t\t<\/div>\n\t\t\t\t<div class=\"elementor-element elementor-element-1f4cbee wd-width-100 elementor-widget elementor-widget-wd_title\" data-id=\"1f4cbee\" data-element_type=\"widget\" data-widget_type=\"wd_title.default\">\n\t\t\t\t<div class=\"elementor-widget-container\">\n\t\t\t\t\t\t\t<div class=\"title-wrapper wd-set-mb reset-last-child wd-title-color-default wd-title-style-default wd-title-size-default text-center\">\n\n\t\t\t\n\t\t\t<div class=\"liner-continer\">\n\t\t\t\t<h4 class=\"woodmart-title-container title wd-fontsize-l\">Her t\u00fcrl\u00fc giysi i\u00e7in bireysel bak\u0131m<\/h4> \n\t\t\t\t\t\t\t<\/div>\n\n\t\t\t\t\t\t\t<div class=\"title-after_title reset-last-child wd-fontsize-xs\">\n\t\t\t\t\t<p>\u00c7ok \u00e7e\u015fitli programlar\u0131 destekleyen Toshiba, her t\u00fcrl\u00fc tambur y\u00fcklemesine tam olarak uyum sa\u011flar. Sentetikleri, renkli kuma\u015flar\u0131 ve pamuklu \u00fcr\u00fcnleri y\u0131kamak i\u00e7in ayr\u0131 d\u00f6ng\u00fcler vard\u0131r. Anti-alerji program\u0131, agresif deterjanlar\u0131n etkili bir \u015fekilde durulanmas\u0131n\u0131 sa\u011flarken, hassas y\u0131kama d\u00f6ng\u00fcs\u00fc y\u00fcn ve hassas kuma\u015flara dikkat edecektir.  <\/p>\t\t\t\t<\/div>\n\t\t\t\t\t<\/div>\n\t\t\t\t\t\t<\/div>\n\t\t\t\t<\/div>\n\t\t\t\t<\/div>\n\t\t\t\t\t<\/div>\n\t\t\t\t<\/div>\n\t\t\t\t<\/div>\n\t\t","protected":false},"excerpt":{"rendered":"<p>Enerji tasarruflu buzdolab\u0131m\u0131zla enerjiden ve paradan tasarruf edin. Geli\u015fmi\u015f so\u011futma teknolojisi, karbon ayak izinizi azalt\u0131rken yiyecekleri daha uzun s\u00fcre taze tutar.  Geni\u015f i\u00e7 mekan ve ayarlanabilir raflar, \u00e7ok say\u0131da depolama se\u00e7ene\u011fi sunar.<\/p>\n","protected":false},"featured_media":0,"comment_status":"open","ping_status":"closed","template":"","meta":[],"product_brand":[916],"product_cat":[],"product_tag":[],"class_list":{"0":"post-29365","1":"product","2":"type-product","3":"status-publish","5":"product_brand-transcend-tr","7":"first","8":"instock","9":"featured","10":"shipping-taxable","11":"purchasable","12":"product-type-simple"},"_links":{"self":[{"href":"https:\/\/staging.shopistanbul.online\/tr\/wp-json\/wp\/v2\/product\/29365","targetHints":{"allow":["GET"]}}],"collection":[{"href":"https:\/\/staging.shopistanbul.online\/tr\/wp-json\/wp\/v2\/product"}],"about":[{"href":"https:\/\/staging.shopistanbul.online\/tr\/wp-json\/wp\/v2\/types\/product"}],"replies":[{"embeddable":true,"href":"https:\/\/staging.shopistanbul.online\/tr\/wp-json\/wp\/v2\/comments?post=29365"}],"version-history":[{"count":1,"href":"https:\/\/staging.shopistanbul.online\/tr\/wp-json\/wp\/v2\/product\/29365\/revisions"}],"predecessor-version":[{"id":29369,"href":"https:\/\/staging.shopistanbul.online\/tr\/wp-json\/wp\/v2\/product\/29365\/revisions\/29369"}],"wp:attachment":[{"href":"https:\/\/staging.shopistanbul.online\/tr\/wp-json\/wp\/v2\/media?parent=29365"}],"wp:term":[{"taxonomy":"product_brand","embeddable":true,"href":"https:\/\/staging.shopistanbul.online\/tr\/wp-json\/wp\/v2\/product_brand?post=29365"},{"taxonomy":"product_cat","embeddable":true,"href":"https:\/\/staging.shopistanbul.online\/tr\/wp-json\/wp\/v2\/product_cat?post=29365"},{"taxonomy":"product_tag","embeddable":true,"href":"https:\/\/staging.shopistanbul.online\/tr\/wp-json\/wp\/v2\/product_tag?post=29365"}],"curies":[{"name":"wp","href":"https:\/\/api.w.org\/{rel}","templated":true}]}}