{"id":29238,"date":"2025-01-14T14:40:18","date_gmt":"2025-01-14T14:40:18","guid":{"rendered":"https:\/\/staging.shopistanbul.online\/product\/siemens-hb514fbr0t\/"},"modified":"2025-04-24T22:27:31","modified_gmt":"2025-04-24T22:27:31","slug":"siemens-hb514fbr0t","status":"publish","type":"product","link":"https:\/\/staging.shopistanbul.online\/tr\/urun\/siemens-hb514fbr0t\/","title":{"rendered":"Siemens HB514FBR0T"},"content":{"rendered":"","protected":false},"excerpt":{"rendered":"<p>Enerji tasarruflu buzdolab\u0131m\u0131zla enerjiden ve paradan tasarruf edin. Geli\u015fmi\u015f so\u011futma teknolojisi, karbon ayak izinizi azalt\u0131rken yiyecekleri daha uzun s\u00fcre taze tutar. Geni\u015f i\u00e7 mekan ve ayarlanabilir raflar, \u00e7ok say\u0131da depolama se\u00e7ene\u011fi sunar.  <\/p>\n","protected":false},"featured_media":0,"comment_status":"open","ping_status":"closed","template":"","meta":[],"product_brand":[918],"product_cat":[],"product_tag":[],"class_list":{"0":"post-29238","1":"product","2":"type-product","3":"status-publish","5":"product_brand-viewsonic-tr","7":"first","8":"instock","9":"shipping-taxable","10":"purchasable","11":"product-type-simple"},"_links":{"self":[{"href":"https:\/\/staging.shopistanbul.online\/tr\/wp-json\/wp\/v2\/product\/29238","targetHints":{"allow":["GET"]}}],"collection":[{"href":"https:\/\/staging.shopistanbul.online\/tr\/wp-json\/wp\/v2\/product"}],"about":[{"href":"https:\/\/staging.shopistanbul.online\/tr\/wp-json\/wp\/v2\/types\/product"}],"replies":[{"embeddable":true,"href":"https:\/\/staging.shopistanbul.online\/tr\/wp-json\/wp\/v2\/comments?post=29238"}],"version-history":[{"count":1,"href":"https:\/\/staging.shopistanbul.online\/tr\/wp-json\/wp\/v2\/product\/29238\/revisions"}],"predecessor-version":[{"id":29240,"href":"https:\/\/staging.shopistanbul.online\/tr\/wp-json\/wp\/v2\/product\/29238\/revisions\/29240"}],"wp:attachment":[{"href":"https:\/\/staging.shopistanbul.online\/tr\/wp-json\/wp\/v2\/media?parent=29238"}],"wp:term":[{"taxonomy":"product_brand","embeddable":true,"href":"https:\/\/staging.shopistanbul.online\/tr\/wp-json\/wp\/v2\/product_brand?post=29238"},{"taxonomy":"product_cat","embeddable":true,"href":"https:\/\/staging.shopistanbul.online\/tr\/wp-json\/wp\/v2\/product_cat?post=29238"},{"taxonomy":"product_tag","embeddable":true,"href":"https:\/\/staging.shopistanbul.online\/tr\/wp-json\/wp\/v2\/product_tag?post=29238"}],"curies":[{"name":"wp","href":"https:\/\/api.w.org\/{rel}","templated":true}]}}