{"id":29230,"date":"2025-01-14T14:40:29","date_gmt":"2025-01-14T14:40:29","guid":{"rendered":"https:\/\/staging.shopistanbul.online\/product\/ufuk-sifir-safak\/"},"modified":"2025-04-24T22:27:25","modified_gmt":"2025-04-24T22:27:25","slug":"ufuk-sifir-safak","status":"publish","type":"product","link":"https:\/\/staging.shopistanbul.online\/tr\/urun\/ufuk-sifir-safak\/","title":{"rendered":"Ufuk S\u0131f\u0131r \u015eafak"},"content":{"rendered":"\t\t<div data-elementor-type=\"wp-post\" data-elementor-id=\"29230\" class=\"elementor elementor-29230 elementor-252\" data-elementor-post-type=\"product\">\n\t\t\t\t<div class=\"wd-negative-gap elementor-element elementor-element-6d43894 e-flex e-con-boxed e-con e-parent\" data-id=\"6d43894\" data-element_type=\"container\">\n\t\t\t\t\t<div class=\"e-con-inner\">\n\t\t<div class=\"elementor-element elementor-element-dae1334 e-con-full e-flex e-con e-child\" data-id=\"dae1334\" data-element_type=\"container\">\n\t\t\t\t<div class=\"elementor-element elementor-element-0f69df7 wd-width-100 elementor-widget elementor-widget-wd_title\" data-id=\"0f69df7\" data-element_type=\"widget\" data-widget_type=\"wd_title.default\">\n\t\t\t\t<div class=\"elementor-widget-container\">\n\t\t\t\t\t\t\t<div class=\"title-wrapper wd-set-mb reset-last-child wd-title-color-default wd-title-style-default wd-title-size-default text-center\">\n\n\t\t\t\n\t\t\t<div class=\"liner-continer\">\n\t\t\t\t<h4 class=\"woodmart-title-container title wd-fontsize-l\">MacBook Pro<\/h4> \n\t\t\t\t\t\t\t<\/div>\n\n\t\t\t\t\t<\/div>\n\t\t\t\t\t\t<\/div>\n\t\t\t\t<\/div>\n\t\t\t\t<div class=\"elementor-element elementor-element-890cc6b wd-width-100 elementor-widget elementor-widget-wd_title\" data-id=\"890cc6b\" data-element_type=\"widget\" data-widget_type=\"wd_title.default\">\n\t\t\t\t<div class=\"elementor-widget-container\">\n\t\t\t\t\t\t\t<div class=\"title-wrapper wd-set-mb reset-last-child wd-title-color-default wd-title-style-default wd-title-size-default text-center\">\n\n\t\t\t\n\t\t\t<div class=\"liner-continer\">\n\t\t\t\t<h4 class=\"woodmart-title-container title wd-fontsize-l\">\u00dcfleme. Ba\u015f d\u00f6nd\u00fcr\u00fcc\u00fc <\/h4> \n\t\t\t\t\t\t\t<\/div>\n\n\t\t\t\t\t<\/div>\n\t\t\t\t\t\t<\/div>\n\t\t\t\t<\/div>\n\t\t\t\t<div class=\"elementor-element elementor-element-e0464ac elementor-widget elementor-widget-wd_image_or_svg\" data-id=\"e0464ac\" data-element_type=\"widget\" data-widget_type=\"wd_image_or_svg.default\">\n\t\t\t\t<div class=\"elementor-widget-container\">\n\t\t\t\t\t\n\t\t<div class=\"wd-image text-center\">\n\t\t\t\t\t\t\t\t<img fetchpriority=\"high\" decoding=\"async\" width=\"940\" height=\"280\" src=\"https:\/\/staging.shopistanbul.online\/wp-content\/uploads\/2025\/01\/description-m3-img-1-2.jpg\" class=\"attachment-full size-full\" alt=\"\" srcset=\"https:\/\/staging.shopistanbul.online\/wp-content\/uploads\/2025\/01\/description-m3-img-1-2.jpg 940w, https:\/\/staging.shopistanbul.online\/wp-content\/uploads\/2025\/01\/description-m3-img-1-2-600x179.jpg 600w, https:\/\/staging.shopistanbul.online\/wp-content\/uploads\/2025\/01\/description-m3-img-1-2-150x45.jpg 150w\" sizes=\"(max-width: 940px) 100vw, 940px\" \/>\t\t\t\t\t<\/div>\n\n\t\t\t\t\t\t<\/div>\n\t\t\t\t<\/div>\n\t\t\t\t<div class=\"elementor-element elementor-element-9c159be elementor-widget elementor-widget-wd_text_block\" data-id=\"9c159be\" data-element_type=\"widget\" data-widget_type=\"wd_text_block.default\">\n\t\t\t\t<div class=\"elementor-widget-container\">\n\t\t\t\t\t\t\t<div class=\"wd-text-block reset-last-child text-center\">\n\t\t\t\n\t\t\t<p>\u00dcst d\u00fczey profesyoneller i\u00e7in tasarlanm\u0131\u015f i\u015flemciler. \u00dczerinde bir d\u00fcnya yaratabilece\u011finiz ekranlar.  T\u00fcm ekstra ara\u00e7lar i\u00e7in kamera, ses ve ba\u011flant\u0131 noktalar\u0131. Y\u0131llarca g\u00fcvenilir bir yard\u0131mc\u0131 arayanlar i\u00e7in komple k\u0131yma. <\/p>\n\t\t\t\t\t<\/div>\n\t\t\t\t\t\t<\/div>\n\t\t\t\t<\/div>\n\t\t\t\t<\/div>\n\t\t<div class=\"elementor-element elementor-element-dcea254 e-con-full e-flex e-con e-child\" data-id=\"dcea254\" data-element_type=\"container\">\n\t\t\t\t<div class=\"elementor-element elementor-element-b793cbe wd-width-100 elementor-widget elementor-widget-wd_title\" data-id=\"b793cbe\" data-element_type=\"widget\" data-widget_type=\"wd_title.default\">\n\t\t\t\t<div class=\"elementor-widget-container\">\n\t\t\t\t\t\t\t<div class=\"title-wrapper wd-set-mb reset-last-child wd-title-color-default wd-title-style-default wd-title-size-default text-left\">\n\n\t\t\t\n\t\t\t<div class=\"liner-continer\">\n\t\t\t\t<h4 class=\"woodmart-title-container title wd-fontsize-l\">\u00dc\u00e7 dev s\u0131\u00e7rama<\/h4> \n\t\t\t\t\t\t\t<\/div>\n\n\t\t\t\t\t\t\t<div class=\"title-after_title reset-last-child wd-fontsize-xs\">\n\t\t\t\t\t<p>MacBook Pro, M3, M3 Pro ve M3 Max \u00e7iplerle \u00f6ne \u00e7\u0131k\u0131yor. 3 nanometre teknolojisi \u00fczerine in\u015fa edilen ve tamamen yeni bir GPU mimarisine sahip olan bu \u00e7ipler, ki\u015fisel bir bilgisayar i\u00e7in \u015fimdiye kadar \u00fcretilmi\u015f en geli\u015fmi\u015f \u00e7iplerdir. Ve her biri daha fazla profesyonel performans ve yetenek getiriyor.  <\/p>\t\t\t\t<\/div>\n\t\t\t\t\t<\/div>\n\t\t\t\t\t\t<\/div>\n\t\t\t\t<\/div>\n\t\t<div class=\"elementor-element elementor-element-995eb07 e-con-full e-flex e-con e-child\" data-id=\"995eb07\" data-element_type=\"container\" data-settings=\"{&quot;background_background&quot;:&quot;classic&quot;}\">\n\t\t<div class=\"elementor-element elementor-element-e5c56ee e-con-full e-flex e-con e-child\" data-id=\"e5c56ee\" data-element_type=\"container\">\n\t\t\t\t<div class=\"elementor-element elementor-element-49ff726 elementor-widget elementor-widget-wd_image_or_svg\" data-id=\"49ff726\" data-element_type=\"widget\" data-widget_type=\"wd_image_or_svg.default\">\n\t\t\t\t<div class=\"elementor-widget-container\">\n\t\t\t\t\t\n\t\t<div class=\"wd-image text-left\">\n\t\t\t\t\t\t\t\t<img decoding=\"async\" width=\"128\" height=\"128\" src=\"https:\/\/staging.shopistanbul.online\/wp-content\/uploads\/2025\/01\/description-m3-img-2-2.jpg\" class=\"attachment-full size-full\" alt=\"\" \/>\t\t\t\t\t<\/div>\n\n\t\t\t\t\t\t<\/div>\n\t\t\t\t<\/div>\n\t\t\t\t<div class=\"elementor-element elementor-element-fd5596a elementor-widget elementor-widget-wd_text_block\" data-id=\"fd5596a\" data-element_type=\"widget\" data-widget_type=\"wd_text_block.default\">\n\t\t\t\t<div class=\"elementor-widget-container\">\n\t\t\t\t\t\t\t<div class=\"wd-text-block reset-last-child text-left\">\n\t\t\t\n\t\t\t<p>8 \u00e7ekirdekli<br>CPU<\/p>\n\t\t\t\t\t<\/div>\n\t\t\t\t\t\t<\/div>\n\t\t\t\t<\/div>\n\t\t\t\t<div class=\"elementor-element elementor-element-985baa5 elementor-widget elementor-widget-wd_text_block\" data-id=\"985baa5\" data-element_type=\"widget\" data-widget_type=\"wd_text_block.default\">\n\t\t\t\t<div class=\"elementor-widget-container\">\n\t\t\t\t\t\t\t<div class=\"wd-text-block reset-last-child text-left\">\n\t\t\t\n\t\t\t<p>10 \u00e7ekirdekli<br>GPU<\/p>\n\t\t\t\t\t<\/div>\n\t\t\t\t\t\t<\/div>\n\t\t\t\t<\/div>\n\t\t\t\t<div class=\"elementor-element elementor-element-c070e54 elementor-widget elementor-widget-wd_text_block\" data-id=\"c070e54\" data-element_type=\"widget\" data-widget_type=\"wd_text_block.default\">\n\t\t\t\t<div class=\"elementor-widget-container\">\n\t\t\t\t\t\t\t<div class=\"wd-text-block reset-last-child text-left\">\n\t\t\t\n\t\t\t<p>24 GB'a kadar<br>Birle\u015fik Bellek<\/p>\n\t\t\t\t\t<\/div>\n\t\t\t\t\t\t<\/div>\n\t\t\t\t<\/div>\n\t\t\t\t<\/div>\n\t\t<div class=\"elementor-element elementor-element-b4018dd e-con-full e-flex e-con e-child\" data-id=\"b4018dd\" data-element_type=\"container\">\n\t\t\t\t<div class=\"elementor-element elementor-element-f54ac70 elementor-widget elementor-widget-wd_image_or_svg\" data-id=\"f54ac70\" data-element_type=\"widget\" data-widget_type=\"wd_image_or_svg.default\">\n\t\t\t\t<div class=\"elementor-widget-container\">\n\t\t\t\t\t\n\t\t<div class=\"wd-image text-left\">\n\t\t\t\t\t\t\t\t<img decoding=\"async\" width=\"129\" height=\"128\" src=\"https:\/\/staging.shopistanbul.online\/wp-content\/uploads\/2025\/01\/description-m3-img-3-2.jpg\" class=\"attachment-full size-full\" alt=\"\" \/>\t\t\t\t\t<\/div>\n\n\t\t\t\t\t\t<\/div>\n\t\t\t\t<\/div>\n\t\t\t\t<div class=\"elementor-element elementor-element-fd6a997 elementor-widget elementor-widget-wd_text_block\" data-id=\"fd6a997\" data-element_type=\"widget\" data-widget_type=\"wd_text_block.default\">\n\t\t\t\t<div class=\"elementor-widget-container\">\n\t\t\t\t\t\t\t<div class=\"wd-text-block reset-last-child text-left\">\n\t\t\t\n\t\t\t<p>E kadar<br>12 \u00e7ekirdekli CPU<\/p>\n\t\t\t\t\t<\/div>\n\t\t\t\t\t\t<\/div>\n\t\t\t\t<\/div>\n\t\t\t\t<div class=\"elementor-element elementor-element-4295ba9 elementor-widget elementor-widget-wd_text_block\" data-id=\"4295ba9\" data-element_type=\"widget\" data-widget_type=\"wd_text_block.default\">\n\t\t\t\t<div class=\"elementor-widget-container\">\n\t\t\t\t\t\t\t<div class=\"wd-text-block reset-last-child text-left\">\n\t\t\t\n\t\t\t<p>E kadar<br>18 \u00e7ekirdekli GPU<\/p>\n\t\t\t\t\t<\/div>\n\t\t\t\t\t\t<\/div>\n\t\t\t\t<\/div>\n\t\t\t\t<div class=\"elementor-element elementor-element-ac8e582 elementor-widget elementor-widget-wd_text_block\" data-id=\"ac8e582\" data-element_type=\"widget\" data-widget_type=\"wd_text_block.default\">\n\t\t\t\t<div class=\"elementor-widget-container\">\n\t\t\t\t\t\t\t<div class=\"wd-text-block reset-last-child text-left\">\n\t\t\t\n\t\t\t<p>36 GB'a kadar<br>Birle\u015fik Bellek<\/p>\n\t\t\t\t\t<\/div>\n\t\t\t\t\t\t<\/div>\n\t\t\t\t<\/div>\n\t\t\t\t<\/div>\n\t\t<div class=\"elementor-element elementor-element-78a3bf2 e-con-full e-flex e-con e-child\" data-id=\"78a3bf2\" data-element_type=\"container\">\n\t\t\t\t<div class=\"elementor-element elementor-element-86aa34a elementor-widget elementor-widget-wd_image_or_svg\" data-id=\"86aa34a\" data-element_type=\"widget\" data-widget_type=\"wd_image_or_svg.default\">\n\t\t\t\t<div class=\"elementor-widget-container\">\n\t\t\t\t\t\n\t\t<div class=\"wd-image text-left\">\n\t\t\t\t\t\t\t\t<img loading=\"lazy\" decoding=\"async\" width=\"129\" height=\"128\" src=\"https:\/\/staging.shopistanbul.online\/wp-content\/uploads\/2025\/01\/description-m3-img-4-2.jpg\" class=\"attachment-full size-full\" alt=\"\" \/>\t\t\t\t\t<\/div>\n\n\t\t\t\t\t\t<\/div>\n\t\t\t\t<\/div>\n\t\t\t\t<div class=\"elementor-element elementor-element-c8008a6 elementor-widget elementor-widget-wd_text_block\" data-id=\"c8008a6\" data-element_type=\"widget\" data-widget_type=\"wd_text_block.default\">\n\t\t\t\t<div class=\"elementor-widget-container\">\n\t\t\t\t\t\t\t<div class=\"wd-text-block reset-last-child text-left\">\n\t\t\t\n\t\t\t<p>E kadar<br>16 \u00e7ekirdekli CPU<\/p>\n\t\t\t\t\t<\/div>\n\t\t\t\t\t\t<\/div>\n\t\t\t\t<\/div>\n\t\t\t\t<div class=\"elementor-element elementor-element-46cb641 elementor-widget elementor-widget-wd_text_block\" data-id=\"46cb641\" data-element_type=\"widget\" data-widget_type=\"wd_text_block.default\">\n\t\t\t\t<div class=\"elementor-widget-container\">\n\t\t\t\t\t\t\t<div class=\"wd-text-block reset-last-child text-left\">\n\t\t\t\n\t\t\t<p>E kadar<br>40 \u00e7ekirdekli GPU<\/p>\n\t\t\t\t\t<\/div>\n\t\t\t\t\t\t<\/div>\n\t\t\t\t<\/div>\n\t\t\t\t<div class=\"elementor-element elementor-element-e2a084d elementor-widget elementor-widget-wd_text_block\" data-id=\"e2a084d\" data-element_type=\"widget\" data-widget_type=\"wd_text_block.default\">\n\t\t\t\t<div class=\"elementor-widget-container\">\n\t\t\t\t\t\t\t<div class=\"wd-text-block reset-last-child text-left\">\n\t\t\t\n\t\t\t<p>128 GB'a kadar<br>Birle\u015fik Bellek<\/p>\n\t\t\t\t\t<\/div>\n\t\t\t\t\t\t<\/div>\n\t\t\t\t<\/div>\n\t\t\t\t<\/div>\n\t\t\t\t<\/div>\n\t\t\t\t<\/div>\n\t\t<div class=\"elementor-element elementor-element-dcbbe15 e-con-full e-flex e-con e-child\" data-id=\"dcbbe15\" data-element_type=\"container\">\n\t\t\t\t<div class=\"elementor-element elementor-element-f03393e wd-width-100 elementor-widget elementor-widget-wd_title\" data-id=\"f03393e\" data-element_type=\"widget\" data-widget_type=\"wd_title.default\">\n\t\t\t\t<div class=\"elementor-widget-container\">\n\t\t\t\t\t\t\t<div class=\"title-wrapper wd-set-mb reset-last-child wd-title-color-default wd-title-style-default wd-title-size-default text-left\">\n\n\t\t\t\n\t\t\t<div class=\"liner-continer\">\n\t\t\t\t<h4 class=\"woodmart-title-container title wd-fontsize-l\">Bir diz\u00fcst\u00fc bilgisayarda \u015fimdiye kadarki en iyi ekran<\/h4> \n\t\t\t\t\t\t\t<\/div>\n\n\t\t\t\t\t<\/div>\n\t\t\t\t\t\t<\/div>\n\t\t\t\t<\/div>\n\t\t\t\t<div class=\"elementor-element elementor-element-cf9829c elementor-widget elementor-widget-wd_image_or_svg\" data-id=\"cf9829c\" data-element_type=\"widget\" data-widget_type=\"wd_image_or_svg.default\">\n\t\t\t\t<div class=\"elementor-widget-container\">\n\t\t\t\t\t\n\t\t<div class=\"wd-image text-center\">\n\t\t\t\t\t\t\t\t<img loading=\"lazy\" decoding=\"async\" width=\"940\" height=\"465\" src=\"https:\/\/staging.shopistanbul.online\/wp-content\/uploads\/2025\/01\/description-m3-img-5-2.jpg\" class=\"attachment-full size-full\" alt=\"\" srcset=\"https:\/\/staging.shopistanbul.online\/wp-content\/uploads\/2025\/01\/description-m3-img-5-2.jpg 940w, https:\/\/staging.shopistanbul.online\/wp-content\/uploads\/2025\/01\/description-m3-img-5-2-600x297.jpg 600w, https:\/\/staging.shopistanbul.online\/wp-content\/uploads\/2025\/01\/description-m3-img-5-2-150x74.jpg 150w\" sizes=\"(max-width: 940px) 100vw, 940px\" \/>\t\t\t\t\t<\/div>\n\n\t\t\t\t\t\t<\/div>\n\t\t\t\t<\/div>\n\t\t\t\t<div class=\"elementor-element elementor-element-b40e851 elementor-widget elementor-widget-wd_text_block\" data-id=\"b40e851\" data-element_type=\"widget\" data-widget_type=\"wd_text_block.default\">\n\t\t\t\t<div class=\"elementor-widget-container\">\n\t\t\t\t\t\t\t<div class=\"wd-text-block reset-last-child text-left\">\n\t\t\t\n\t\t\t<p>Extreme Dynamic Range (XDR), rafine aynasal vurgular, g\u00f6lgelerde inan\u0131lmaz ayr\u0131nt\u0131lar ve canl\u0131, ger\u00e7e\u011fe yak\u0131n renkler sunar. Fabrikada kalibre edilen her Liquid Retina XDR ekran, ProMotion ve pro referans modlar\u0131na da sahiptir. <span style=\"font-size: 15px;text-align: var(--text-align);color: var(--wd-text-color)\"><\/span><\/p>\n\t\t\t\t\t<\/div>\n\t\t\t\t\t\t<\/div>\n\t\t\t\t<\/div>\n\t\t\t\t<\/div>\n\t\t<div class=\"elementor-element elementor-element-bf5e618 e-con-full e-flex e-con e-child\" data-id=\"bf5e618\" data-element_type=\"container\">\n\t\t\t\t<div class=\"elementor-element elementor-element-83f27b1 elementor-widget elementor-widget-wd_image_or_svg\" data-id=\"83f27b1\" data-element_type=\"widget\" data-widget_type=\"wd_image_or_svg.default\">\n\t\t\t\t<div class=\"elementor-widget-container\">\n\t\t\t\t\t\n\t\t<div class=\"wd-image text-center\">\n\t\t\t\t\t\t\t\t<img loading=\"lazy\" decoding=\"async\" width=\"550\" height=\"373\" src=\"https:\/\/staging.shopistanbul.online\/wp-content\/uploads\/2025\/01\/description-m3-img-6-2.jpg\" class=\"attachment-full size-full\" alt=\"\" srcset=\"https:\/\/staging.shopistanbul.online\/wp-content\/uploads\/2025\/01\/description-m3-img-6-2.jpg 550w, https:\/\/staging.shopistanbul.online\/wp-content\/uploads\/2025\/01\/description-m3-img-6-2-150x102.jpg 150w\" sizes=\"(max-width: 550px) 100vw, 550px\" \/>\t\t\t\t\t<\/div>\n\n\t\t\t\t\t\t<\/div>\n\t\t\t\t<\/div>\n\t\t<div class=\"elementor-element elementor-element-64ae1ab e-con-full e-flex e-con e-child\" data-id=\"64ae1ab\" data-element_type=\"container\">\n\t\t<div class=\"elementor-element elementor-element-a016d08 e-con-full e-flex e-con e-child\" data-id=\"a016d08\" data-element_type=\"container\" data-settings=\"{&quot;background_background&quot;:&quot;classic&quot;}\">\n\t\t\t\t<div class=\"elementor-element elementor-element-d258fc2 wd-width-100 elementor-widget elementor-widget-wd_title\" data-id=\"d258fc2\" data-element_type=\"widget\" data-widget_type=\"wd_title.default\">\n\t\t\t\t<div class=\"elementor-widget-container\">\n\t\t\t\t\t\t\t<div class=\"title-wrapper wd-set-mb reset-last-child wd-title-color-default wd-title-style-default wd-title-size-default text-left\">\n\n\t\t\t\n\t\t\t<div class=\"liner-continer\">\n\t\t\t\t<h4 class=\"woodmart-title-container title wd-fontsize-l\">10.000 mini LED<\/h4> \n\t\t\t\t\t\t\t<\/div>\n\n\t\t\t\t\t\t\t<div class=\"title-after_title reset-last-child wd-fontsize-xs\">\n\t\t\t\t\t<p>Hassas parlakl\u0131k i\u00e7in grupland\u0131r\u0131lm\u0131\u015ft\u0131r.<\/p>\t\t\t\t<\/div>\n\t\t\t\t\t<\/div>\n\t\t\t\t\t\t<\/div>\n\t\t\t\t<\/div>\n\t\t\t\t<\/div>\n\t\t<div class=\"elementor-element elementor-element-0e34f0f e-con-full e-flex e-con e-child\" data-id=\"0e34f0f\" data-element_type=\"container\" data-settings=\"{&quot;background_background&quot;:&quot;classic&quot;}\">\n\t\t\t\t<div class=\"elementor-element elementor-element-251c35f wd-width-100 elementor-widget elementor-widget-wd_title\" data-id=\"251c35f\" data-element_type=\"widget\" data-widget_type=\"wd_title.default\">\n\t\t\t\t<div class=\"elementor-widget-container\">\n\t\t\t\t\t\t\t<div class=\"title-wrapper wd-set-mb reset-last-child wd-title-color-default wd-title-style-default wd-title-size-default text-left\">\n\n\t\t\t\n\t\t\t<div class=\"liner-continer\">\n\t\t\t\t<h4 class=\"woodmart-title-container title wd-fontsize-l\">\u00d6zel optik filmler ve dif\u00fcz\u00f6rler<\/h4> \n\t\t\t\t\t\t\t<\/div>\n\n\t\t\t\t\t\t\t<div class=\"title-after_title reset-last-child wd-fontsize-xs\">\n\t\t\t\t\t<p>I\u015f\u0131\u011f\u0131 verimli bir \u015fekilde kar\u0131\u015ft\u0131r\u0131n ve \u015fekillendirin.<\/p>\t\t\t\t<\/div>\n\t\t\t\t\t<\/div>\n\t\t\t\t\t\t<\/div>\n\t\t\t\t<\/div>\n\t\t\t\t<\/div>\n\t\t<div class=\"elementor-element elementor-element-f5f541b e-con-full e-flex e-con e-child\" data-id=\"f5f541b\" data-element_type=\"container\" data-settings=\"{&quot;background_background&quot;:&quot;classic&quot;}\">\n\t\t\t\t<div class=\"elementor-element elementor-element-010973a wd-width-100 elementor-widget elementor-widget-wd_title\" data-id=\"010973a\" data-element_type=\"widget\" data-widget_type=\"wd_title.default\">\n\t\t\t\t<div class=\"elementor-widget-container\">\n\t\t\t\t\t\t\t<div class=\"title-wrapper wd-set-mb reset-last-child wd-title-color-default wd-title-style-default wd-title-size-default text-left\">\n\n\t\t\t\n\t\t\t<div class=\"liner-continer\">\n\t\t\t\t<h4 class=\"woodmart-title-container title wd-fontsize-l\">LCD panel<\/h4> \n\t\t\t\t\t\t\t<\/div>\n\n\t\t\t\t\t\t\t<div class=\"title-after_title reset-last-child wd-fontsize-xs\">\n\t\t\t\t\t<p>120 Hz'e kadar yenileme h\u0131zlar\u0131 sa\u011flar.<\/p>\t\t\t\t<\/div>\n\t\t\t\t\t<\/div>\n\t\t\t\t\t\t<\/div>\n\t\t\t\t<\/div>\n\t\t\t\t<\/div>\n\t\t\t\t<\/div>\n\t\t\t\t<\/div>\n\t\t<div class=\"elementor-element elementor-element-66ebb97 e-con-full e-flex e-con e-child\" data-id=\"66ebb97\" data-element_type=\"container\">\n\t\t<div class=\"elementor-element elementor-element-7b4164c e-con-full e-flex e-con e-child\" data-id=\"7b4164c\" data-element_type=\"container\">\n\t\t\t\t<div class=\"elementor-element elementor-element-fbbd79c elementor-widget elementor-widget-wd_infobox\" data-id=\"fbbd79c\" data-element_type=\"widget\" data-widget_type=\"wd_infobox.default\">\n\t\t\t\t<div class=\"elementor-widget-container\">\n\t\t\t\t\t\t\t<div class=\"info-box-wrapper\">\n\t\t\t<div class=\"wd-info-box text-left box-icon-align-top box-style-base color-scheme-\">\n\t\t\t\t\t\t\t\t\t<div class=\"box-icon-wrapper  box-with-icon box-icon-simple\">\n\t\t\t\t\t\t<div class=\"info-box-icon\">\n\t\t\t\t\t\t\t\t\t\t\t\t\t\t\t<img loading=\"lazy\" decoding=\"async\" width=\"28\" height=\"32\" src=\"https:\/\/staging.shopistanbul.online\/wp-content\/uploads\/2025\/01\/description-m3-ico-1-2.png\" class=\"attachment-37x32 size-37x32\" alt=\"\" \/>\t\t\t\t\t\t\t\t\t\t\t\t\t<\/div>\n\t\t\t\t\t<\/div>\n\t\t\t\t\n\t\t\t\t<div class=\"info-box-content\">\n\t\t\t\t\t\n\t\t\t\t\t\t\t\t\t\t\t<h4\t\t\t\t\t\tclass=\"info-box-title title box-title-style-default wd-fontsize-m\" data-elementor-setting-key=\"title\">\n\t\t\t\t\t\t\t\t1080p kamera.\t\t\t\t\t\t<\/h4>\n\t\t\t\t\t\n\t\t\t\t\t<div class=\"info-box-inner reset-last-child\"data-elementor-setting-key=\"content\"><p>Her \u0131\u015f\u0131kta net g\u00f6r\u00fcnmenize yard\u0131mc\u0131 olacak teknolojilerle g\u00f6r\u00fcnt\u00fcl\u00fc aramalar\u0131n daha ger\u00e7ek gibi hissettirmesini sa\u011flar.<\/p>\n<\/div>\n\n\t\t\t\t\t\t\t\t\t<\/div>\n\n\t\t\t\t\t\t\t<\/div>\n\t\t<\/div>\n\t\t\t\t\t\t<\/div>\n\t\t\t\t<\/div>\n\t\t\t\t<div class=\"elementor-element elementor-element-c09b308 elementor-widget elementor-widget-wd_infobox\" data-id=\"c09b308\" data-element_type=\"widget\" data-widget_type=\"wd_infobox.default\">\n\t\t\t\t<div class=\"elementor-widget-container\">\n\t\t\t\t\t\t\t<div class=\"info-box-wrapper\">\n\t\t\t<div class=\"wd-info-box text-left box-icon-align-top box-style-base color-scheme-\">\n\t\t\t\t\t\t\t\t\t<div class=\"box-icon-wrapper  box-with-icon box-icon-simple\">\n\t\t\t\t\t\t<div class=\"info-box-icon\">\n\t\t\t\t\t\t\t\t\t\t\t\t\t\t\t<img loading=\"lazy\" decoding=\"async\" width=\"32\" height=\"32\" src=\"https:\/\/staging.shopistanbul.online\/wp-content\/uploads\/2025\/01\/description-m3-ico-2-2.png\" class=\"attachment-37x32 size-37x32\" alt=\"\" \/>\t\t\t\t\t\t\t\t\t\t\t\t\t<\/div>\n\t\t\t\t\t<\/div>\n\t\t\t\t\n\t\t\t\t<div class=\"info-box-content\">\n\t\t\t\t\t\n\t\t\t\t\t\t\t\t\t\t\t<h4\t\t\t\t\t\tclass=\"info-box-title title box-title-style-default wd-fontsize-m\" data-elementor-setting-key=\"title\">\n\t\t\t\t\t\t\t\tSt\u00fcdyo kalitesinde \u00fc\u00e7l\u00fc mikrofon dizisi.\t\t\t\t\t\t<\/h4>\n\t\t\t\t\t\n\t\t\t\t\t<div class=\"info-box-inner reset-last-child\"data-elementor-setting-key=\"content\"><p>Ses prod\u00fcksiyonunda en ince sesleri yakalar ve arka plan g\u00fcr\u00fclt\u00fcs\u00fcn\u00fc en aza indirerek sesinizin y\u00fcksek ve net bir \u015fekilde duyulmas\u0131n\u0131 sa\u011flar.<\/p>\n<\/div>\n\n\t\t\t\t\t\t\t\t\t<\/div>\n\n\t\t\t\t\t\t\t<\/div>\n\t\t<\/div>\n\t\t\t\t\t\t<\/div>\n\t\t\t\t<\/div>\n\t\t\t\t<div class=\"elementor-element elementor-element-01b74e7 elementor-widget elementor-widget-wd_infobox\" data-id=\"01b74e7\" data-element_type=\"widget\" data-widget_type=\"wd_infobox.default\">\n\t\t\t\t<div class=\"elementor-widget-container\">\n\t\t\t\t\t\t\t<div class=\"info-box-wrapper\">\n\t\t\t<div class=\"wd-info-box text-left box-icon-align-top box-style-base color-scheme-\">\n\t\t\t\t\t\t\t\t\t<div class=\"box-icon-wrapper  box-with-icon box-icon-simple\">\n\t\t\t\t\t\t<div class=\"info-box-icon\">\n\t\t\t\t\t\t\t\t\t\t\t\t\t\t\t<img loading=\"lazy\" decoding=\"async\" width=\"31\" height=\"32\" src=\"https:\/\/staging.shopistanbul.online\/wp-content\/uploads\/2025\/01\/description-m3-ico-3-2.png\" class=\"attachment-37x32 size-37x32\" alt=\"\" \/>\t\t\t\t\t\t\t\t\t\t\t\t\t<\/div>\n\t\t\t\t\t<\/div>\n\t\t\t\t\n\t\t\t\t<div class=\"info-box-content\">\n\t\t\t\t\t\n\t\t\t\t\t\t\t\t\t\t\t<h4\t\t\t\t\t\tclass=\"info-box-title title box-title-style-default wd-fontsize-m\" data-elementor-setting-key=\"title\">\n\t\t\t\t\t\t\t\tAlt\u0131 hoparl\u00f6rl\u00fc ses sistemi.\t\t\t\t\t\t<\/h4>\n\t\t\t\t\t\n\t\t\t\t\t<div class=\"info-box-inner reset-last-child\"data-elementor-setting-key=\"content\"><p>\u0130ki tweeter'l\u0131 iki \u00e7ift kuvvet \u00f6nleyici woofer, oday\u0131 sesle doldurur. Ve Dolby Atmos \u00f6zellikli Uzamsal Ses, \u00fc\u00e7 boyutlu bir ses ortam\u0131 olu\u015fturur. <\/p>\n<\/div>\n\n\t\t\t\t\t\t\t\t\t<\/div>\n\n\t\t\t\t\t\t\t<\/div>\n\t\t<\/div>\n\t\t\t\t\t\t<\/div>\n\t\t\t\t<\/div>\n\t\t\t\t<\/div>\n\t\t<div class=\"elementor-element elementor-element-cd26d81 e-con-full e-flex e-con e-child\" data-id=\"cd26d81\" data-element_type=\"container\">\n\t\t\t\t<div class=\"elementor-element elementor-element-e639725 elementor-widget elementor-widget-wd_image_or_svg\" data-id=\"e639725\" data-element_type=\"widget\" data-widget_type=\"wd_image_or_svg.default\">\n\t\t\t\t<div class=\"elementor-widget-container\">\n\t\t\t\t\t\n\t\t<div class=\"wd-image text-center\">\n\t\t\t\t\t\t\t\t<img loading=\"lazy\" decoding=\"async\" width=\"445\" height=\"446\" src=\"https:\/\/staging.shopistanbul.online\/wp-content\/uploads\/2025\/01\/description-m3-img-7-1-2.jpg\" class=\"attachment-full size-full\" alt=\"\" srcset=\"https:\/\/staging.shopistanbul.online\/wp-content\/uploads\/2025\/01\/description-m3-img-7-1-2.jpg 445w, https:\/\/staging.shopistanbul.online\/wp-content\/uploads\/2025\/01\/description-m3-img-7-1-2-150x150.jpg 150w\" sizes=\"(max-width: 445px) 100vw, 445px\" \/>\t\t\t\t\t<\/div>\n\n\t\t\t\t\t\t<\/div>\n\t\t\t\t<\/div>\n\t\t\t\t<\/div>\n\t\t\t\t<\/div>\n\t\t\t\t\t<\/div>\n\t\t\t\t<\/div>\n\t\t\t\t<\/div>\n\t\t","protected":false},"excerpt":{"rendered":"<p>Makinelerin istila etti\u011fi bir d\u00fcnyada yetenekli bir avc\u0131 olan Aloy olun. Bu a\u00e7\u0131k d\u00fcnya RPG&#8217;de yemye\u015fil ormanlar\u0131, tehlikeli da\u011flar\u0131 ve antik kal\u0131nt\u0131lar\u0131 ke\u015ffedin. Ge\u00e7mi\u015finizin s\u0131rlar\u0131n\u0131 ve insanl\u0131\u011f\u0131n kaderini ortaya \u00e7\u0131kar\u0131n.  <\/p>\n","protected":false},"featured_media":0,"comment_status":"open","ping_status":"closed","template":"","meta":[],"product_brand":[904],"product_cat":[],"product_tag":[],"class_list":{"0":"post-29230","1":"product","2":"type-product","3":"status-publish","5":"product_brand-gigabyte-tr","7":"first","8":"instock","9":"featured","10":"shipping-taxable","11":"purchasable","12":"product-type-simple"},"_links":{"self":[{"href":"https:\/\/staging.shopistanbul.online\/tr\/wp-json\/wp\/v2\/product\/29230","targetHints":{"allow":["GET"]}}],"collection":[{"href":"https:\/\/staging.shopistanbul.online\/tr\/wp-json\/wp\/v2\/product"}],"about":[{"href":"https:\/\/staging.shopistanbul.online\/tr\/wp-json\/wp\/v2\/types\/product"}],"replies":[{"embeddable":true,"href":"https:\/\/staging.shopistanbul.online\/tr\/wp-json\/wp\/v2\/comments?post=29230"}],"version-history":[{"count":1,"href":"https:\/\/staging.shopistanbul.online\/tr\/wp-json\/wp\/v2\/product\/29230\/revisions"}],"predecessor-version":[{"id":29231,"href":"https:\/\/staging.shopistanbul.online\/tr\/wp-json\/wp\/v2\/product\/29230\/revisions\/29231"}],"wp:attachment":[{"href":"https:\/\/staging.shopistanbul.online\/tr\/wp-json\/wp\/v2\/media?parent=29230"}],"wp:term":[{"taxonomy":"product_brand","embeddable":true,"href":"https:\/\/staging.shopistanbul.online\/tr\/wp-json\/wp\/v2\/product_brand?post=29230"},{"taxonomy":"product_cat","embeddable":true,"href":"https:\/\/staging.shopistanbul.online\/tr\/wp-json\/wp\/v2\/product_cat?post=29230"},{"taxonomy":"product_tag","embeddable":true,"href":"https:\/\/staging.shopistanbul.online\/tr\/wp-json\/wp\/v2\/product_tag?post=29230"}],"curies":[{"name":"wp","href":"https:\/\/api.w.org\/{rel}","templated":true}]}}