{"id":29181,"date":"2025-01-14T14:40:29","date_gmt":"2025-01-14T14:40:29","guid":{"rendered":"https:\/\/staging.shopistanbul.online\/product\/saf-hacim-maskara\/"},"modified":"2025-04-24T22:23:59","modified_gmt":"2025-04-24T22:23:59","slug":"saf-hacim-maskara","status":"publish","type":"product","link":"https:\/\/staging.shopistanbul.online\/tr\/urun\/saf-hacim-maskara\/","title":{"rendered":"Saf Hacim Maskara"},"content":{"rendered":"\t\t<div data-elementor-type=\"wp-post\" data-elementor-id=\"29181\" class=\"elementor elementor-29181 elementor-260\" data-elementor-post-type=\"product\">\n\t\t\t\t<div class=\"wd-negative-gap elementor-element elementor-element-e285c9e e-flex e-con-boxed e-con e-parent\" data-id=\"e285c9e\" data-element_type=\"container\" data-e-type=\"container\">\n\t\t\t\t\t<div class=\"e-con-inner\">\n\t\t<div class=\"elementor-element elementor-element-b24c724 e-con-full e-flex e-con e-child\" data-id=\"b24c724\" data-element_type=\"container\" data-e-type=\"container\">\n\t\t\t\t<div class=\"elementor-element elementor-element-ad9243f wd-width-100 elementor-widget elementor-widget-wd_title\" data-id=\"ad9243f\" data-element_type=\"widget\" data-e-type=\"widget\" data-widget_type=\"wd_title.default\">\n\t\t\t\t<div class=\"elementor-widget-container\">\n\t\t\t\t\t\t\t<div class=\"title-wrapper wd-set-mb reset-last-child wd-title-color-default wd-title-style-default wd-title-size-default text-center\">\n\n\t\t\t\t\t\t\t\t\t\t\t<div class=\"title-subtitle subtitle-color-default subtitle-style-default wd-fontsize-xs\">\n\t\t\t\t\tCOCOSOLIS SPF50\t\t\t\t<\/div>\n\t\t\t\n\t\t\t<div class=\"liner-continer\">\n\t\t\t\t<h4 class=\"woodmart-title-container title wd-fontsize-l\">Do\u011fal G\u00fcne\u015f Koruyucu Losyon<\/h4> \n\t\t\t\t\t\t\t<\/div>\n\n\t\t\t\t\t<\/div>\n\t\t\t\t\t\t<\/div>\n\t\t\t\t<\/div>\n\t\t\t\t<div class=\"elementor-element elementor-element-c6d1214 elementor-widget elementor-widget-wd_image_or_svg\" data-id=\"c6d1214\" data-element_type=\"widget\" data-e-type=\"widget\" data-widget_type=\"wd_image_or_svg.default\">\n\t\t\t\t<div class=\"elementor-widget-container\">\n\t\t\t\t\t\n\t\t<div class=\"wd-image text-center\">\n\t\t\t\t\t\t\t\t<img fetchpriority=\"high\" decoding=\"async\" width=\"384\" height=\"201\" src=\"https:\/\/staging.shopistanbul.online\/wp-content\/uploads\/2025\/01\/pic-1-1-2.jpg\" class=\"attachment-full size-full\" alt=\"\" srcset=\"https:\/\/staging.shopistanbul.online\/wp-content\/uploads\/2025\/01\/pic-1-1-2.jpg 384w, https:\/\/staging.shopistanbul.online\/wp-content\/uploads\/2025\/01\/pic-1-1-2-150x79.jpg 150w\" sizes=\"(max-width: 384px) 100vw, 384px\" \/>\t\t\t\t\t<\/div>\n\n\t\t\t\t\t\t<\/div>\n\t\t\t\t<\/div>\n\t\t\t\t<div class=\"elementor-element elementor-element-e8ff7f0 elementor-widget elementor-widget-wd_text_block\" data-id=\"e8ff7f0\" data-element_type=\"widget\" data-e-type=\"widget\" data-widget_type=\"wd_text_block.default\">\n\t\t\t\t<div class=\"elementor-widget-container\">\n\t\t\t\t\t\t\t<div class=\"wd-text-block reset-last-child text-center\">\n\t\t\t\n\t\t\t<p>Ek olarak, pigmentasyonu en aza indirmeye katk\u0131da bulunurlar ve bu da kollajen olu\u015fumunu art\u0131r\u0131r.<\/p>\n\t\t\t\t\t<\/div>\n\t\t\t\t\t\t<\/div>\n\t\t\t\t<\/div>\n\t\t\t\t<\/div>\n\t\t<div class=\"elementor-element elementor-element-956149a e-con-full e-flex e-con e-child\" data-id=\"956149a\" data-element_type=\"container\" data-e-type=\"container\">\n\t\t<div class=\"elementor-element elementor-element-f5628f1 e-con-full e-flex e-con e-child\" data-id=\"f5628f1\" data-element_type=\"container\" data-e-type=\"container\">\n\t\t\t\t<div class=\"elementor-element elementor-element-0fee1e5 elementor-widget elementor-widget-wd_image_or_svg\" data-id=\"0fee1e5\" data-element_type=\"widget\" data-e-type=\"widget\" data-widget_type=\"wd_image_or_svg.default\">\n\t\t\t\t<div class=\"elementor-widget-container\">\n\t\t\t\t\t\n\t\t<div class=\"wd-image text-left\">\n\t\t\t\t\t\t\t\t<img decoding=\"async\" width=\"460\" height=\"510\" src=\"https:\/\/staging.shopistanbul.online\/wp-content\/uploads\/2025\/01\/pic-2-2-2.jpg\" class=\"attachment-full size-full\" alt=\"\" srcset=\"https:\/\/staging.shopistanbul.online\/wp-content\/uploads\/2025\/01\/pic-2-2-2.jpg 460w, https:\/\/staging.shopistanbul.online\/wp-content\/uploads\/2025\/01\/pic-2-2-2-150x166.jpg 150w\" sizes=\"(max-width: 460px) 100vw, 460px\" \/>\t\t\t\t\t<\/div>\n\n\t\t\t\t\t\t<\/div>\n\t\t\t\t<\/div>\n\t\t\t\t<\/div>\n\t\t<div class=\"elementor-element elementor-element-05714fa e-con-full e-flex e-con e-child\" data-id=\"05714fa\" data-element_type=\"container\" data-e-type=\"container\">\n\t\t<div class=\"elementor-element elementor-element-38b7677 e-con-full e-flex e-con e-child\" data-id=\"38b7677\" data-element_type=\"container\" data-e-type=\"container\" data-settings=\"{&quot;background_background&quot;:&quot;classic&quot;}\">\n\t\t\t\t<div class=\"elementor-element elementor-element-65c2639 elementor-widget elementor-widget-wd_image_or_svg\" data-id=\"65c2639\" data-element_type=\"widget\" data-e-type=\"widget\" data-widget_type=\"wd_image_or_svg.default\">\n\t\t\t\t<div class=\"elementor-widget-container\">\n\t\t\t\t\t\n\t\t<div class=\"wd-image text-left\">\n\t\t\t\t\t\t\t\t<img loading=\"lazy\" decoding=\"async\"  src=\"https:\/\/staging.shopistanbul.online\/wp-content\/uploads\/2025\/01\/protection-2.svg\" title=\"protection\" loading=\"lazy\" width=\"40\" height=\"40\">\t\t\t\t\t<\/div>\n\n\t\t\t\t\t\t<\/div>\n\t\t\t\t<\/div>\n\t\t\t\t<div class=\"elementor-element elementor-element-7f90ff0 elementor-widget__width-auto wd-width-100 elementor-widget elementor-widget-wd_title\" data-id=\"7f90ff0\" data-element_type=\"widget\" data-e-type=\"widget\" data-widget_type=\"wd_title.default\">\n\t\t\t\t<div class=\"elementor-widget-container\">\n\t\t\t\t\t\t\t<div class=\"title-wrapper wd-set-mb reset-last-child wd-title-color-default wd-title-style-default wd-title-size-default text-center\">\n\n\t\t\t\n\t\t\t<div class=\"liner-continer\">\n\t\t\t\t<h4 class=\"woodmart-title-container title wd-fontsize-l\">Koruma<\/h4> \n\t\t\t\t\t\t\t<\/div>\n\n\t\t\t\t\t<\/div>\n\t\t\t\t\t\t<\/div>\n\t\t\t\t<\/div>\n\t\t\t\t<div class=\"elementor-element elementor-element-97a40dd elementor-widget elementor-widget-wd_text_block\" data-id=\"97a40dd\" data-element_type=\"widget\" data-e-type=\"widget\" data-widget_type=\"wd_text_block.default\">\n\t\t\t\t<div class=\"elementor-widget-container\">\n\t\t\t\t\t\t\t<div class=\"wd-text-block reset-last-child text-left\">\n\t\t\t\n\t\t\t<p>Ayn\u0131 \u015fekilde, bu g\u00fcne\u015f kremi g\u00fc\u00e7lendirdi\u011fi i\u00e7in koyu lekelerden ka\u00e7\u0131nmak daha kolayd\u0131r.<\/p>\n\t\t\t\t\t<\/div>\n\t\t\t\t\t\t<\/div>\n\t\t\t\t<\/div>\n\t\t\t\t<\/div>\n\t\t<div class=\"elementor-element elementor-element-4006d63 e-con-full e-flex e-con e-child\" data-id=\"4006d63\" data-element_type=\"container\" data-e-type=\"container\" data-settings=\"{&quot;background_background&quot;:&quot;classic&quot;}\">\n\t\t\t\t<div class=\"elementor-element elementor-element-9bdb2b3 elementor-widget elementor-widget-wd_image_or_svg\" data-id=\"9bdb2b3\" data-element_type=\"widget\" data-e-type=\"widget\" data-widget_type=\"wd_image_or_svg.default\">\n\t\t\t\t<div class=\"elementor-widget-container\">\n\t\t\t\t\t\n\t\t<div class=\"wd-image text-left\">\n\t\t\t\t\t\t\t\t<img loading=\"lazy\" decoding=\"async\"  src=\"https:\/\/staging.shopistanbul.online\/wp-content\/uploads\/2025\/01\/formula-2.svg\" title=\"formula\" loading=\"lazy\" width=\"40\" height=\"40\">\t\t\t\t\t<\/div>\n\n\t\t\t\t\t\t<\/div>\n\t\t\t\t<\/div>\n\t\t\t\t<div class=\"elementor-element elementor-element-1b9a318 elementor-widget__width-auto wd-width-100 elementor-widget elementor-widget-wd_title\" data-id=\"1b9a318\" data-element_type=\"widget\" data-e-type=\"widget\" data-widget_type=\"wd_title.default\">\n\t\t\t\t<div class=\"elementor-widget-container\">\n\t\t\t\t\t\t\t<div class=\"title-wrapper wd-set-mb reset-last-child wd-title-color-default wd-title-style-default wd-title-size-default text-center\">\n\n\t\t\t\n\t\t\t<div class=\"liner-continer\">\n\t\t\t\t<h4 class=\"woodmart-title-container title wd-fontsize-l\">Do\u011fal form\u00fcl<\/h4> \n\t\t\t\t\t\t\t<\/div>\n\n\t\t\t\t\t<\/div>\n\t\t\t\t\t\t<\/div>\n\t\t\t\t<\/div>\n\t\t\t\t<div class=\"elementor-element elementor-element-902a882 elementor-widget elementor-widget-wd_text_block\" data-id=\"902a882\" data-element_type=\"widget\" data-e-type=\"widget\" data-widget_type=\"wd_text_block.default\">\n\t\t\t\t<div class=\"elementor-widget-container\">\n\t\t\t\t\t\t\t<div class=\"wd-text-block reset-last-child text-left\">\n\t\t\t\n\t\t\t<p>E vitamini i\u00e7ermesinin yan\u0131 s\u0131ra, bu ya\u011f y\u00fcksek seviyelerde konsantre olur.<\/p>\n\t\t\t\t\t<\/div>\n\t\t\t\t\t\t<\/div>\n\t\t\t\t<\/div>\n\t\t\t\t<\/div>\n\t\t<div class=\"elementor-element elementor-element-9c1c8ca e-con-full e-flex e-con e-child\" data-id=\"9c1c8ca\" data-element_type=\"container\" data-e-type=\"container\" data-settings=\"{&quot;background_background&quot;:&quot;classic&quot;}\">\n\t\t\t\t<div class=\"elementor-element elementor-element-355855e elementor-widget elementor-widget-wd_image_or_svg\" data-id=\"355855e\" data-element_type=\"widget\" data-e-type=\"widget\" data-widget_type=\"wd_image_or_svg.default\">\n\t\t\t\t<div class=\"elementor-widget-container\">\n\t\t\t\t\t\n\t\t<div class=\"wd-image text-left\">\n\t\t\t\t\t\t\t\t<img loading=\"lazy\" decoding=\"async\"  src=\"https:\/\/staging.shopistanbul.online\/wp-content\/uploads\/2025\/01\/easy-to-use-1.svg\" title=\"easy-to-use\" loading=\"lazy\" width=\"40\" height=\"40\">\t\t\t\t\t<\/div>\n\n\t\t\t\t\t\t<\/div>\n\t\t\t\t<\/div>\n\t\t\t\t<div class=\"elementor-element elementor-element-48a025c elementor-widget__width-auto wd-width-100 elementor-widget elementor-widget-wd_title\" data-id=\"48a025c\" data-element_type=\"widget\" data-e-type=\"widget\" data-widget_type=\"wd_title.default\">\n\t\t\t\t<div class=\"elementor-widget-container\">\n\t\t\t\t\t\t\t<div class=\"title-wrapper wd-set-mb reset-last-child wd-title-color-default wd-title-style-default wd-title-size-default text-center\">\n\n\t\t\t\n\t\t\t<div class=\"liner-continer\">\n\t\t\t\t<h4 class=\"woodmart-title-container title wd-fontsize-l\">Kullan\u0131m\u0131 kolay<\/h4> \n\t\t\t\t\t\t\t<\/div>\n\n\t\t\t\t\t<\/div>\n\t\t\t\t\t\t<\/div>\n\t\t\t\t<\/div>\n\t\t\t\t<div class=\"elementor-element elementor-element-deeea34 elementor-widget elementor-widget-wd_text_block\" data-id=\"deeea34\" data-element_type=\"widget\" data-e-type=\"widget\" data-widget_type=\"wd_text_block.default\">\n\t\t\t\t<div class=\"elementor-widget-container\">\n\t\t\t\t\t\t\t<div class=\"wd-text-block reset-last-child text-left\">\n\t\t\t\n\t\t\t<p>Cildin dayan\u0131kl\u0131l\u0131\u011f\u0131n\u0131 art\u0131rmaktan di\u011fer bile\u015fenlerin n\u00fcfuz etmesini sa\u011flamaya kadar.<\/p>\n\t\t\t\t\t<\/div>\n\t\t\t\t\t\t<\/div>\n\t\t\t\t<\/div>\n\t\t\t\t<\/div>\n\t\t\t\t<\/div>\n\t\t\t\t<\/div>\n\t\t<div class=\"elementor-element elementor-element-5436dcf e-con-full e-flex e-con e-child\" data-id=\"5436dcf\" data-element_type=\"container\" data-e-type=\"container\">\n\t\t\t\t<div class=\"elementor-element elementor-element-a4db288 elementor-widget elementor-widget-wd_text_block\" data-id=\"a4db288\" data-element_type=\"widget\" data-e-type=\"widget\" data-widget_type=\"wd_text_block.default\">\n\t\t\t\t<div class=\"elementor-widget-container\">\n\t\t\t\t\t\t\t<div class=\"wd-text-block reset-last-child text-center\">\n\t\t\t\n\t\t\t<p>Kuzey ejderha kafas\u0131ndan gelen k\u00f6k h\u00fccreler, serbest radikallerin yay\u0131lmas\u0131n\u0131 engelleyerek g\u00fcne\u015f hasar\u0131yla ba\u015far\u0131l\u0131 bir \u015fekilde sava\u015f\u0131r. Ek olarak, pigmentasyonu en aza indirmeye katk\u0131da bulunurlar ve bu da kollajen olu\u015fumunu art\u0131r\u0131r. <\/p>\n\t\t\t\t\t<\/div>\n\t\t\t\t\t\t<\/div>\n\t\t\t\t<\/div>\n\t\t\t\t<div class=\"elementor-element elementor-element-efd68c3 elementor-widget elementor-widget-wd_image_or_svg\" data-id=\"efd68c3\" data-element_type=\"widget\" data-e-type=\"widget\" data-widget_type=\"wd_image_or_svg.default\">\n\t\t\t\t<div class=\"elementor-widget-container\">\n\t\t\t\t\t\n\t\t<div class=\"wd-image text-center\">\n\t\t\t\t\t\t\t\t<img decoding=\"async\" width=\"940\" height=\"580\" src=\"https:\/\/staging.shopistanbul.online\/wp-content\/uploads\/2025\/01\/pic-3-1-2.jpg\" class=\"attachment-full size-full\" alt=\"\" srcset=\"https:\/\/staging.shopistanbul.online\/wp-content\/uploads\/2025\/01\/pic-3-1-2.jpg 940w, https:\/\/staging.shopistanbul.online\/wp-content\/uploads\/2025\/01\/pic-3-1-2-600x370.jpg 600w, https:\/\/staging.shopistanbul.online\/wp-content\/uploads\/2025\/01\/pic-3-1-2-150x93.jpg 150w\" sizes=\"(max-width: 940px) 100vw, 940px\" \/>\t\t\t\t\t<\/div>\n\n\t\t\t\t\t\t<\/div>\n\t\t\t\t<\/div>\n\t\t\t\t<\/div>\n\t\t\t\t\t<\/div>\n\t\t\t\t<\/div>\n\t\t\t\t<\/div>\n\t\t","protected":false},"excerpt":{"rendered":"<p>D\u00fczensiz \u015fekilli alt\u0131 \u00e7okgenin kombinasyonuna dayanan mod\u00fcler yap\u0131s\u0131, \u00f6zel bir dijital platformda yap\u0131land\u0131r\u0131labilen sonsuz renk ve form kombinasyonlar\u0131na izin verir.<\/p>\n","protected":false},"featured_media":0,"comment_status":"open","ping_status":"closed","template":"","meta":[],"product_brand":[898],"product_cat":[],"product_tag":[],"class_list":{"0":"post-29181","1":"product","2":"type-product","3":"status-publish","5":"product_brand-benq-tr","7":"first","8":"instock","9":"shipping-taxable","10":"purchasable","11":"product-type-simple"},"_links":{"self":[{"href":"https:\/\/staging.shopistanbul.online\/tr\/wp-json\/wp\/v2\/product\/29181","targetHints":{"allow":["GET"]}}],"collection":[{"href":"https:\/\/staging.shopistanbul.online\/tr\/wp-json\/wp\/v2\/product"}],"about":[{"href":"https:\/\/staging.shopistanbul.online\/tr\/wp-json\/wp\/v2\/types\/product"}],"replies":[{"embeddable":true,"href":"https:\/\/staging.shopistanbul.online\/tr\/wp-json\/wp\/v2\/comments?post=29181"}],"version-history":[{"count":1,"href":"https:\/\/staging.shopistanbul.online\/tr\/wp-json\/wp\/v2\/product\/29181\/revisions"}],"predecessor-version":[{"id":29185,"href":"https:\/\/staging.shopistanbul.online\/tr\/wp-json\/wp\/v2\/product\/29181\/revisions\/29185"}],"wp:attachment":[{"href":"https:\/\/staging.shopistanbul.online\/tr\/wp-json\/wp\/v2\/media?parent=29181"}],"wp:term":[{"taxonomy":"product_brand","embeddable":true,"href":"https:\/\/staging.shopistanbul.online\/tr\/wp-json\/wp\/v2\/product_brand?post=29181"},{"taxonomy":"product_cat","embeddable":true,"href":"https:\/\/staging.shopistanbul.online\/tr\/wp-json\/wp\/v2\/product_cat?post=29181"},{"taxonomy":"product_tag","embeddable":true,"href":"https:\/\/staging.shopistanbul.online\/tr\/wp-json\/wp\/v2\/product_tag?post=29181"}],"curies":[{"name":"wp","href":"https:\/\/api.w.org\/{rel}","templated":true}]}}