{"id":29177,"date":"2025-01-14T14:40:29","date_gmt":"2025-01-14T14:40:29","guid":{"rendered":"https:\/\/staging.shopistanbul.online\/product\/tavsan-kapitone-yetistirme-elbisesi\/"},"modified":"2025-04-24T22:23:58","modified_gmt":"2025-04-24T22:23:58","slug":"tavsan-kapitone-yetistirme-elbisesi","status":"publish","type":"product","link":"https:\/\/staging.shopistanbul.online\/tr\/urun\/tavsan-kapitone-yetistirme-elbisesi\/","title":{"rendered":"Tav\u015fan Kapitone Yeti\u015ftirme Elbisesi"},"content":{"rendered":"\t\t<div data-elementor-type=\"wp-post\" data-elementor-id=\"29177\" class=\"elementor elementor-29177 elementor-259\" data-elementor-post-type=\"product\">\n\t\t\t\t<div class=\"wd-negative-gap elementor-element elementor-element-36986a5 e-flex e-con-boxed e-con e-parent\" data-id=\"36986a5\" data-element_type=\"container\" data-e-type=\"container\">\n\t\t\t\t\t<div class=\"e-con-inner\">\n\t\t<div class=\"elementor-element elementor-element-b1f195e e-con-full e-flex e-con e-child\" data-id=\"b1f195e\" data-element_type=\"container\" data-e-type=\"container\">\n\t\t\t\t<div class=\"elementor-element elementor-element-66d943c wd-width-100 elementor-widget elementor-widget-wd_title\" data-id=\"66d943c\" data-element_type=\"widget\" data-e-type=\"widget\" data-widget_type=\"wd_title.default\">\n\t\t\t\t<div class=\"elementor-widget-container\">\n\t\t\t\t\t\t\t<div class=\"title-wrapper wd-set-mb reset-last-child wd-title-color-default wd-title-style-default wd-title-size-default text-left\">\n\n\t\t\t\n\t\t\t<div class=\"liner-continer\">\n\t\t\t\t<h4 class=\"woodmart-title-container title wd-fontsize-l\">Ah\u015fap Oyun Mutfak Seti<\/h4> \n\t\t\t\t\t\t\t<\/div>\n\n\t\t\t\t\t\t\t<div class=\"title-after_title reset-last-child wd-fontsize-xs\">\n\t\t\t\t\t<p>Karl\u0131 \u0130\u015flemeli Kazak\u0131m\u0131zda s\u0131cak ve rahat tutun. K\u0131\u015f\u0131n tamam\u0131ndan ilham alan bir nak\u0131\u015fa ve so\u011fuk alg\u0131nl\u0131\u011f\u0131n\u0131 \u00f6nlemek i\u00e7in nerv\u00fcrl\u00fc s\u00fcslemelere sahiptir. Organik pamuk y\u00fcn\u00fc kar\u0131\u015f\u0131m\u0131m\u0131zdan \u00fcretilen bu s\u00fcveteri, tatl\u0131 bir k\u0131yafet i\u00e7in e\u015fofman alt\u0131 veya tozlukla e\u015fle\u015ftirin. Her neyse, hala Lorem Ipsum'u kullan\u0131yorsunuz ve hakl\u0131 olarak, web \u00e7al\u0131\u015fanlar\u0131 ara\u00e7 kutusunda her zaman bir yeri olaca\u011f\u0131 i\u00e7in.   <\/p>\t\t\t\t<\/div>\n\t\t\t\t\t<\/div>\n\t\t\t\t\t\t<\/div>\n\t\t\t\t<\/div>\n\t\t\t\t<div class=\"elementor-element elementor-element-c5090c2 wd-width-100 elementor-widget elementor-widget-wd_images_gallery\" data-id=\"c5090c2\" data-element_type=\"widget\" data-e-type=\"widget\" data-widget_type=\"wd_images_gallery.default\">\n\t\t\t\t<div class=\"elementor-widget-container\">\n\t\t\t\t\t\t\t<div class=\"wd-images-gallery photoswipe-images\" style=\"--wd-align-items:center; --wd-justify-content:center;\">\n\t\t\t\t\t\t<div class=\"wd-grid-g\" style=\"--wd-col-lg:2;--wd-col-md:2;--wd-col-sm:1;--wd-gap-lg:20px;--wd-gap-sm:20px;\" >\n\t\t\t\t\t\t\t\t\t\t\t\t\t\t\t\t\t\t<div class=\"wd-gallery-item wd-col\">\n\t\t\t\t\t\t\t\t\t\t\t\t\t<a  href=\"https:\/\/staging.shopistanbul.online\/wp-content\/uploads\/2025\/01\/pic-2-1-2.jpg\" data-width=\"460\" data-height=\"350\" data-index=\"1\" data-elementor-open-lightbox=\"no\">\n\t\t\t\t\t\t\n\t\t\t\t\t\t<img fetchpriority=\"high\" decoding=\"async\" width=\"460\" height=\"350\" src=\"https:\/\/staging.shopistanbul.online\/wp-content\/uploads\/2025\/01\/pic-2-1-2.jpg\" class=\"attachment-full size-full\" alt=\"pic-2\" srcset=\"https:\/\/staging.shopistanbul.online\/wp-content\/uploads\/2025\/01\/pic-2-1-2.jpg 460w, https:\/\/staging.shopistanbul.online\/wp-content\/uploads\/2025\/01\/pic-2-1-2-150x114.jpg 150w\" sizes=\"(max-width: 460px) 100vw, 460px\" \/>\n\t\t\t\t\t\t\t\t\t\t\t\t\t<\/a>\n\t\t\t\t\t\t\t\t\t\t\t<\/div>\n\t\t\t\t\t\t\t\t\t\t\t\t\t\t\t<div class=\"wd-gallery-item wd-col\">\n\t\t\t\t\t\t\t\t\t\t\t\t\t<a  href=\"https:\/\/staging.shopistanbul.online\/wp-content\/uploads\/2025\/01\/pic-2-1-2.jpg\" data-width=\"460\" data-height=\"350\" data-index=\"2\" data-elementor-open-lightbox=\"no\">\n\t\t\t\t\t\t\n\t\t\t\t\t\t<img fetchpriority=\"high\" decoding=\"async\" width=\"460\" height=\"350\" src=\"https:\/\/staging.shopistanbul.online\/wp-content\/uploads\/2025\/01\/pic-2-1-2.jpg\" class=\"attachment-full size-full\" alt=\"pic-2\" srcset=\"https:\/\/staging.shopistanbul.online\/wp-content\/uploads\/2025\/01\/pic-2-1-2.jpg 460w, https:\/\/staging.shopistanbul.online\/wp-content\/uploads\/2025\/01\/pic-2-1-2-150x114.jpg 150w\" sizes=\"(max-width: 460px) 100vw, 460px\" \/>\n\t\t\t\t\t\t\t\t\t\t\t\t\t<\/a>\n\t\t\t\t\t\t\t\t\t\t\t<\/div>\n\t\t\t\t\t\t\t\t\t\t\t\t\t<\/div>\n\t\t\t\t\t<\/div>\n\t\t\t\t\t\t<\/div>\n\t\t\t\t<\/div>\n\t\t\t\t<\/div>\n\t\t<div class=\"elementor-element elementor-element-6e66e9d e-con-full e-flex e-con e-child\" data-id=\"6e66e9d\" data-element_type=\"container\" data-e-type=\"container\">\n\t\t\t\t<div class=\"elementor-element elementor-element-f916394 wd-width-100 elementor-widget elementor-widget-wd_title\" data-id=\"f916394\" data-element_type=\"widget\" data-e-type=\"widget\" data-widget_type=\"wd_title.default\">\n\t\t\t\t<div class=\"elementor-widget-container\">\n\t\t\t\t\t\t\t<div class=\"title-wrapper wd-set-mb reset-last-child wd-title-color-default wd-title-style-default wd-title-size-default text-left\">\n\n\t\t\t\n\t\t\t<div class=\"liner-continer\">\n\t\t\t\t<h4 class=\"woodmart-title-container title wd-fontsize-l\">Yard\u0131mc\u0131 aksesuarlar<\/h4> \n\t\t\t\t\t\t\t<\/div>\n\n\t\t\t\t\t\t\t<div class=\"title-after_title reset-last-child wd-fontsize-xs\">\n\t\t\t\t\t<p>Profesyonel kullan\u0131mdaki web siteleri \u015fablonlama sistemleri. Ticari yay\u0131n platformlar\u0131 ve i\u00e7erik y\u00f6netim sistemleri, ayn\u0131 \u015fablonu kullanarak farkl\u0131 metinleri, farkl\u0131 verileri g\u00f6sterebilmenizi sa\u011flar. <\/p>\t\t\t\t<\/div>\n\t\t\t\t\t<\/div>\n\t\t\t\t\t\t<\/div>\n\t\t\t\t<\/div>\n\t\t\t\t<div class=\"elementor-element elementor-element-464f99a wd-width-100 elementor-widget elementor-widget-wd_images_gallery\" data-id=\"464f99a\" data-element_type=\"widget\" data-e-type=\"widget\" data-widget_type=\"wd_images_gallery.default\">\n\t\t\t\t<div class=\"elementor-widget-container\">\n\t\t\t\t\t\t\t<div class=\"wd-images-gallery photoswipe-images\" style=\"--wd-align-items:center; --wd-justify-content:center;\">\n\t\t\t\t\t\t<div class=\"wd-grid-g\" style=\"--wd-col-lg:4;--wd-col-md:4;--wd-col-sm:2;--wd-gap-lg:20px;--wd-gap-sm:20px;\" >\n\t\t\t\t\t\t\t\t\t\t\t\t\t\t\t\t\t\t<div class=\"wd-gallery-item wd-col\">\n\t\t\t\t\t\t\t\t\t\t\t\t\t<a  href=\"https:\/\/staging.shopistanbul.online\/wp-content\/uploads\/2025\/01\/accessories-4-2.jpg\" data-width=\"220\" data-height=\"220\" data-index=\"1\" data-elementor-open-lightbox=\"no\">\n\t\t\t\t\t\t\n\t\t\t\t\t\t<img decoding=\"async\" width=\"220\" height=\"220\" src=\"https:\/\/staging.shopistanbul.online\/wp-content\/uploads\/2025\/01\/accessories-4-2.jpg\" class=\"attachment-full size-full\" alt=\"accessories-4\" srcset=\"https:\/\/staging.shopistanbul.online\/wp-content\/uploads\/2025\/01\/accessories-4-2.jpg 220w, https:\/\/staging.shopistanbul.online\/wp-content\/uploads\/2025\/01\/accessories-4-2-150x150.jpg 150w\" sizes=\"(max-width: 220px) 100vw, 220px\" \/>\n\t\t\t\t\t\t\t\t\t\t\t\t\t<\/a>\n\t\t\t\t\t\t\t\t\t\t\t<\/div>\n\t\t\t\t\t\t\t\t\t\t\t\t\t\t\t<div class=\"wd-gallery-item wd-col\">\n\t\t\t\t\t\t\t\t\t\t\t\t\t<a  href=\"https:\/\/staging.shopistanbul.online\/wp-content\/uploads\/2025\/01\/accessories-2-2.jpg\" data-width=\"220\" data-height=\"220\" data-index=\"2\" data-elementor-open-lightbox=\"no\">\n\t\t\t\t\t\t\n\t\t\t\t\t\t<img decoding=\"async\" width=\"220\" height=\"220\" src=\"https:\/\/staging.shopistanbul.online\/wp-content\/uploads\/2025\/01\/accessories-2-2.jpg\" class=\"attachment-full size-full\" alt=\"accessories-2\" srcset=\"https:\/\/staging.shopistanbul.online\/wp-content\/uploads\/2025\/01\/accessories-2-2.jpg 220w, https:\/\/staging.shopistanbul.online\/wp-content\/uploads\/2025\/01\/accessories-2-2-150x150.jpg 150w\" sizes=\"(max-width: 220px) 100vw, 220px\" \/>\n\t\t\t\t\t\t\t\t\t\t\t\t\t<\/a>\n\t\t\t\t\t\t\t\t\t\t\t<\/div>\n\t\t\t\t\t\t\t\t\t\t\t\t\t\t\t<div class=\"wd-gallery-item wd-col\">\n\t\t\t\t\t\t\t\t\t\t\t\t\t<a  href=\"https:\/\/staging.shopistanbul.online\/wp-content\/uploads\/2025\/01\/accessories-3-2.jpg\" data-width=\"220\" data-height=\"220\" data-index=\"3\" data-elementor-open-lightbox=\"no\">\n\t\t\t\t\t\t\n\t\t\t\t\t\t<img loading=\"lazy\" decoding=\"async\" width=\"220\" height=\"220\" src=\"https:\/\/staging.shopistanbul.online\/wp-content\/uploads\/2025\/01\/accessories-3-2.jpg\" class=\"attachment-full size-full\" alt=\"accessories-3\" srcset=\"https:\/\/staging.shopistanbul.online\/wp-content\/uploads\/2025\/01\/accessories-3-2.jpg 220w, https:\/\/staging.shopistanbul.online\/wp-content\/uploads\/2025\/01\/accessories-3-2-150x150.jpg 150w\" sizes=\"(max-width: 220px) 100vw, 220px\" \/>\n\t\t\t\t\t\t\t\t\t\t\t\t\t<\/a>\n\t\t\t\t\t\t\t\t\t\t\t<\/div>\n\t\t\t\t\t\t\t\t\t\t\t\t\t\t\t<div class=\"wd-gallery-item wd-col\">\n\t\t\t\t\t\t\t\t\t\t\t\t\t<a  href=\"https:\/\/staging.shopistanbul.online\/wp-content\/uploads\/2025\/01\/accessories-4-2.jpg\" data-width=\"220\" data-height=\"220\" data-index=\"4\" data-elementor-open-lightbox=\"no\">\n\t\t\t\t\t\t\n\t\t\t\t\t\t<img decoding=\"async\" width=\"220\" height=\"220\" src=\"https:\/\/staging.shopistanbul.online\/wp-content\/uploads\/2025\/01\/accessories-4-2.jpg\" class=\"attachment-full size-full\" alt=\"accessories-4\" srcset=\"https:\/\/staging.shopistanbul.online\/wp-content\/uploads\/2025\/01\/accessories-4-2.jpg 220w, https:\/\/staging.shopistanbul.online\/wp-content\/uploads\/2025\/01\/accessories-4-2-150x150.jpg 150w\" sizes=\"(max-width: 220px) 100vw, 220px\" \/>\n\t\t\t\t\t\t\t\t\t\t\t\t\t<\/a>\n\t\t\t\t\t\t\t\t\t\t\t<\/div>\n\t\t\t\t\t\t\t\t\t\t\t\t\t<\/div>\n\t\t\t\t\t<\/div>\n\t\t\t\t\t\t<\/div>\n\t\t\t\t<\/div>\n\t\t\t\t<\/div>\n\t\t\t\t\t<\/div>\n\t\t\t\t<\/div>\n\t\t\t\t<\/div>\n\t\t","protected":false},"excerpt":{"rendered":"<p>D\u00fczensiz \u015fekilli alt\u0131 \u00e7okgenin kombinasyonuna dayanan mod\u00fcler yap\u0131s\u0131, \u00f6zel bir dijital platformda yap\u0131land\u0131r\u0131labilen sonsuz renk ve form kombinasyonlar\u0131na izin verir.<\/p>\n","protected":false},"featured_media":0,"comment_status":"open","ping_status":"closed","template":"","meta":[],"product_brand":[906],"product_cat":[],"product_tag":[],"class_list":{"0":"post-29177","1":"product","2":"type-product","3":"status-publish","5":"product_brand-hp-tr","7":"first","8":"instock","9":"shipping-taxable","10":"purchasable","11":"product-type-simple"},"_links":{"self":[{"href":"https:\/\/staging.shopistanbul.online\/tr\/wp-json\/wp\/v2\/product\/29177","targetHints":{"allow":["GET"]}}],"collection":[{"href":"https:\/\/staging.shopistanbul.online\/tr\/wp-json\/wp\/v2\/product"}],"about":[{"href":"https:\/\/staging.shopistanbul.online\/tr\/wp-json\/wp\/v2\/types\/product"}],"replies":[{"embeddable":true,"href":"https:\/\/staging.shopistanbul.online\/tr\/wp-json\/wp\/v2\/comments?post=29177"}],"version-history":[{"count":1,"href":"https:\/\/staging.shopistanbul.online\/tr\/wp-json\/wp\/v2\/product\/29177\/revisions"}],"predecessor-version":[{"id":29179,"href":"https:\/\/staging.shopistanbul.online\/tr\/wp-json\/wp\/v2\/product\/29177\/revisions\/29179"}],"wp:attachment":[{"href":"https:\/\/staging.shopistanbul.online\/tr\/wp-json\/wp\/v2\/media?parent=29177"}],"wp:term":[{"taxonomy":"product_brand","embeddable":true,"href":"https:\/\/staging.shopistanbul.online\/tr\/wp-json\/wp\/v2\/product_brand?post=29177"},{"taxonomy":"product_cat","embeddable":true,"href":"https:\/\/staging.shopistanbul.online\/tr\/wp-json\/wp\/v2\/product_cat?post=29177"},{"taxonomy":"product_tag","embeddable":true,"href":"https:\/\/staging.shopistanbul.online\/tr\/wp-json\/wp\/v2\/product_tag?post=29177"}],"curies":[{"name":"wp","href":"https:\/\/api.w.org\/{rel}","templated":true}]}}